{"id":129,"date":"2025-03-16T10:44:53","date_gmt":"2025-03-16T09:44:53","guid":{"rendered":"https:\/\/192.168.178.12\/?page_id=129"},"modified":"2025-05-15T18:16:04","modified_gmt":"2025-05-15T17:16:04","slug":"rechtliches","status":"publish","type":"page","link":"https:\/\/bluetenklang.de\/?page_id=129","title":{"rendered":"Rechtliches"},"content":{"rendered":"\t\t<div data-elementor-type=\"wp-page\" data-elementor-id=\"129\" class=\"elementor elementor-129\">\n\t\t\t\t<div class=\"elementor-element elementor-element-4011b6b e-flex e-con-boxed e-con e-parent\" data-id=\"4011b6b\" data-element_type=\"container\" data-e-type=\"container\">\n\t\t\t\t\t<div class=\"e-con-inner\">\n\t\t\t\t<div class=\"elementor-element elementor-element-e5b2f6b elementor-widget elementor-widget-text-editor\" data-id=\"e5b2f6b\" data-element_type=\"widget\" data-e-type=\"widget\" data-widget_type=\"text-editor.default\">\n\t\t\t\t<div class=\"elementor-widget-container\">\n\t\t\t\t\t\t\t\t\t<h3>Wichtige Hinweise zur Bachbl\u00fctenberatung<\/h3><p>Ich bin zertifizierte Bachbl\u00fctenberaterin, keine \u00c4rztin oder Heilpraktikerin. Meine Bachbl\u00fctenberatungen ersetzen keine Untersuchung in einer Tierarzt- oder Heilpraktikerpraxis. Ich spreche Empfehlungen aus, behandle oder therapiere nicht und gebe keine Garantien. Ich stelle keine Diagnosen.<\/p><p>Bachbl\u00fcten ersetzen kein ad\u00e4quates Training mit Ihrem Tier.<\/p><p>Bei schweren, chronischen, sich verschlimmernden oder anhaltenden Beschwerden, kontaktieren Sie bitte Ihre Tierarzt- \/ Heilpraktikerpraxis.<\/p><p>Ich lasse bei meinen Beratungen gr\u00f6\u00dftm\u00f6gliche Sorgfalt walten. Sie verpflichten sich keine unvollst\u00e4ndigen oder falschen Angaben zu machen.<\/p><h3>Wichtige Hinweise zur Klangentspannung<\/h3><p>Menschen mit schweren Herzproblemen, einem Herzschrittmacher, mit Epilepsie oder einer schweren hirnorganischen Erkrankung rate ich vorsichtshalber von der Anwendung meiner Klangentspannungen ab.<\/p><p>Schwangeren und Menschen mit psychischen Erkrankungen empfehle ich vorab R\u00fccksprache mit ihrem Arzt \/ \u00c4rztin bzw. Therapeuten \/ Therapeutin zu halten.<\/p><p>Menschen mit (schweren) Tinnitus k\u00f6nnen sehr empfindlich auf die Kl\u00e4nge der Klangschalten reagieren; sodass je nach Einzelfall \/ individuellen empfinden eine Klangentspannung ungeeignet ist.<\/p><h3>Haftungsausschluss<\/h3><p>Ob sich die Befindlichkeiten Ihres Tieres bzw. Ihre eigenen zur Selbstbehandlung mit Bachbl\u00fcten bzw. zur Anwendung einer Klangentspannung eignen, liegt in Ihrer eignen Verantwortung. Ich schlie\u00dfe jede Haftung in Bezug auf Sch\u00e4den aus, die Ihnen, Ihrem Tier oder Dritten mittelbar oder unmittelbar mit der Anwendung meiner Beratungsvorschl\u00e4ge bzw. der Klangentspannung entstehen.<\/p><h3>Verschwiegenheitserkl\u00e4rung<\/h3><p>Ich versichere, dass ich alle Informationen, die ich im Rahmen meiner Beratungst\u00e4tigkeit erhalte, streng vertraulich behandle und sie nicht an Dritte weitergebe.<\/p><h3>Datenschutz<\/h3><p>Ihre Daten werden ausschlie\u00dflich zum Zweck meiner Beratungst\u00e4tigkeit gespeichert \/ verarbeitet. Es erfolgt keine Weitergabe an Dritte.<\/p><p>F\u00fcr meine Beratungst\u00e4tigkeit erhebe ich folgende Daten:<\/p><ol><li>pers\u00f6nliche Daten<ul><li>Name und Anschrift der anfragenden nat\u00fcrlichen Person<\/li><li>Name des Tieres, Tierart und Rasse<\/li><li>Telefonnummer<\/li><li>optional E-Mailadresse<\/li><\/ul><\/li><li>Anamnese- und Beratungsdaten<ul><li>Alter<\/li><li>Gewicht<\/li><li>Verhaltensweisen, Auff\u00e4lligkeiten<\/li><li>Symptome, Beschwerden<\/li><li>bestehende Diagnosen und derzeitige Medikation<\/li><li>Lebensumst\u00e4nde, einschneidende Erlebnisse<\/li><li>empfohlene Bachbl\u00fcten<\/li><\/ul><\/li><li>Position zu Werbung<ul><li>Wird eine Information \u00fcber Angebote \/ Aktionen gew\u00fcnscht oder nicht<\/li><li>welcher Kommunikationsweg wird bevorzugt<\/li><\/ul><\/li><\/ol><p>Auf Anfrage teile ich Ihnen gerne die von Ihnen konkret gespeicherten Daten mit. Sie k\u00f6nnen \u00c4nderungen oder auch die L\u00f6schung Ihrer Daten erbeten.<\/p><p>Diese Webseite verwendet KEINE Cookies!<\/p>\t\t\t\t\t\t\t\t<\/div>\n\t\t\t\t<\/div>\n\t\t\t\t\t<\/div>\n\t\t\t\t<\/div>\n\t\t\t\t<\/div>\n\t\t","protected":false},"excerpt":{"rendered":"<p>Wichtige Hinweise zur Bachbl\u00fctenberatung Ich bin zertifizierte Bachbl\u00fctenberaterin, keine \u00c4rztin oder Heilpraktikerin. Meine Bachbl\u00fctenberatungen ersetzen keine Untersuchung in einer Tierarzt- oder Heilpraktikerpraxis. Ich spreche Empfehlungen aus, behandle oder therapiere nicht und gebe keine Garantien. Ich stelle keine Diagnosen. Bachbl\u00fcten ersetzen kein ad\u00e4quates Training mit Ihrem Tier. Bei schweren, chronischen, sich verschlimmernden oder anhaltenden Beschwerden, kontaktieren [&hellip;]<\/p>\n","protected":false},"author":1,"featured_media":0,"parent":0,"menu_order":0,"comment_status":"closed","ping_status":"closed","template":"","meta":{"ocean_post_layout":"","ocean_both_sidebars_style":"","ocean_both_sidebars_content_width":0,"ocean_both_sidebars_sidebars_width":0,"ocean_sidebar":"","ocean_second_sidebar":"","ocean_disable_margins":"enable","ocean_add_body_class":"","ocean_shortcode_before_top_bar":"","ocean_shortcode_after_top_bar":"","ocean_shortcode_before_header":"","ocean_shortcode_after_header":"","ocean_has_shortcode":"","ocean_shortcode_after_title":"","ocean_shortcode_before_footer_widgets":"","ocean_shortcode_after_footer_widgets":"","ocean_shortcode_before_footer_bottom":"","ocean_shortcode_after_footer_bottom":"","ocean_display_top_bar":"default","ocean_display_header":"default","ocean_header_style":"","ocean_center_header_left_menu":"","ocean_custom_header_template":"","ocean_custom_logo":0,"ocean_custom_retina_logo":0,"ocean_custom_logo_max_width":0,"ocean_custom_logo_tablet_max_width":0,"ocean_custom_logo_mobile_max_width":0,"ocean_custom_logo_max_height":0,"ocean_custom_logo_tablet_max_height":0,"ocean_custom_logo_mobile_max_height":0,"ocean_header_custom_menu":"","ocean_menu_typo_font_family":"","ocean_menu_typo_font_subset":"","ocean_menu_typo_font_size":0,"ocean_menu_typo_font_size_tablet":0,"ocean_menu_typo_font_size_mobile":0,"ocean_menu_typo_font_size_unit":"px","ocean_menu_typo_font_weight":"","ocean_menu_typo_font_weight_tablet":"","ocean_menu_typo_font_weight_mobile":"","ocean_menu_typo_transform":"","ocean_menu_typo_transform_tablet":"","ocean_menu_typo_transform_mobile":"","ocean_menu_typo_line_height":0,"ocean_menu_typo_line_height_tablet":0,"ocean_menu_typo_line_height_mobile":0,"ocean_menu_typo_line_height_unit":"","ocean_menu_typo_spacing":0,"ocean_menu_typo_spacing_tablet":0,"ocean_menu_typo_spacing_mobile":0,"ocean_menu_typo_spacing_unit":"","ocean_menu_link_color":"","ocean_menu_link_color_hover":"","ocean_menu_link_color_active":"","ocean_menu_link_background":"","ocean_menu_link_hover_background":"","ocean_menu_link_active_background":"","ocean_menu_social_links_bg":"","ocean_menu_social_hover_links_bg":"","ocean_menu_social_links_color":"","ocean_menu_social_hover_links_color":"","ocean_disable_title":"default","ocean_disable_heading":"default","ocean_post_title":"","ocean_post_subheading":"","ocean_post_title_style":"","ocean_post_title_background_color":"","ocean_post_title_background":0,"ocean_post_title_bg_image_position":"","ocean_post_title_bg_image_attachment":"","ocean_post_title_bg_image_repeat":"","ocean_post_title_bg_image_size":"","ocean_post_title_height":0,"ocean_post_title_bg_overlay":0.5,"ocean_post_title_bg_overlay_color":"","ocean_disable_breadcrumbs":"default","ocean_breadcrumbs_color":"","ocean_breadcrumbs_separator_color":"","ocean_breadcrumbs_links_color":"","ocean_breadcrumbs_links_hover_color":"","ocean_display_footer_widgets":"default","ocean_display_footer_bottom":"default","ocean_custom_footer_template":"","footnotes":""},"class_list":["post-129","page","type-page","status-publish","hentry","entry"],"yoast_head":"<!-- This site is optimized with the Yoast SEO plugin v27.5 - https:\/\/yoast.com\/product\/yoast-seo-wordpress\/ -->\n<title>Rechtliches - Bl\u00fctenKlang<\/title>\n<meta name=\"robots\" content=\"index, follow, max-snippet:-1, max-image-preview:large, max-video-preview:-1\" \/>\n<link rel=\"canonical\" href=\"https:\/\/bluetenklang.de\/?page_id=129\" \/>\n<meta property=\"og:locale\" content=\"de_DE\" \/>\n<meta property=\"og:type\" content=\"article\" \/>\n<meta property=\"og:title\" content=\"Rechtliches - Bl\u00fctenKlang\" \/>\n<meta property=\"og:description\" content=\"Wichtige Hinweise zur Bachbl\u00fctenberatung Ich bin zertifizierte Bachbl\u00fctenberaterin, keine \u00c4rztin oder Heilpraktikerin. Meine Bachbl\u00fctenberatungen ersetzen keine Untersuchung in einer Tierarzt- oder Heilpraktikerpraxis. Ich spreche Empfehlungen aus, behandle oder therapiere nicht und gebe keine Garantien. Ich stelle keine Diagnosen. Bachbl\u00fcten ersetzen kein ad\u00e4quates Training mit Ihrem Tier. Bei schweren, chronischen, sich verschlimmernden oder anhaltenden Beschwerden, kontaktieren [&hellip;]\" \/>\n<meta property=\"og:url\" content=\"https:\/\/bluetenklang.de\/?page_id=129\" \/>\n<meta property=\"og:site_name\" content=\"Bl\u00fctenKlang\" \/>\n<meta property=\"article:modified_time\" content=\"2025-05-15T17:16:04+00:00\" \/>\n<meta name=\"twitter:card\" content=\"summary_large_image\" \/>\n<meta name=\"twitter:label1\" content=\"Gesch\u00e4tzte Lesezeit\" \/>\n\t<meta name=\"twitter:data1\" content=\"2\u00a0Minuten\" \/>\n<script type=\"application\/ld+json\" class=\"yoast-schema-graph\">{\"@context\":\"https:\\\/\\\/schema.org\",\"@graph\":[{\"@type\":\"WebPage\",\"@id\":\"https:\\\/\\\/bluetenklang.de\\\/?page_id=129\",\"url\":\"https:\\\/\\\/bluetenklang.de\\\/?page_id=129\",\"name\":\"Rechtliches - Bl\u00fctenKlang\",\"isPartOf\":{\"@id\":\"https:\\\/\\\/bluetenklang.de\\\/#website\"},\"datePublished\":\"2025-03-16T09:44:53+00:00\",\"dateModified\":\"2025-05-15T17:16:04+00:00\",\"breadcrumb\":{\"@id\":\"https:\\\/\\\/bluetenklang.de\\\/?page_id=129#breadcrumb\"},\"inLanguage\":\"de\",\"potentialAction\":[{\"@type\":\"ReadAction\",\"target\":[\"https:\\\/\\\/bluetenklang.de\\\/?page_id=129\"]}]},{\"@type\":\"BreadcrumbList\",\"@id\":\"https:\\\/\\\/bluetenklang.de\\\/?page_id=129#breadcrumb\",\"itemListElement\":[{\"@type\":\"ListItem\",\"position\":1,\"name\":\"Startseite\",\"item\":\"https:\\\/\\\/bluetenklang.de\\\/\"},{\"@type\":\"ListItem\",\"position\":2,\"name\":\"Rechtliches\"}]},{\"@type\":\"WebSite\",\"@id\":\"https:\\\/\\\/bluetenklang.de\\\/#website\",\"url\":\"https:\\\/\\\/bluetenklang.de\\\/\",\"name\":\"Bl\u00fctenKlang\",\"description\":\"\",\"potentialAction\":[{\"@type\":\"SearchAction\",\"target\":{\"@type\":\"EntryPoint\",\"urlTemplate\":\"https:\\\/\\\/bluetenklang.de\\\/?s={search_term_string}\"},\"query-input\":{\"@type\":\"PropertyValueSpecification\",\"valueRequired\":true,\"valueName\":\"search_term_string\"}}],\"inLanguage\":\"de\"}]}<\/script>\n<!-- \/ Yoast SEO plugin. -->","yoast_head_json":{"title":"Rechtliches - Bl\u00fctenKlang","robots":{"index":"index","follow":"follow","max-snippet":"max-snippet:-1","max-image-preview":"max-image-preview:large","max-video-preview":"max-video-preview:-1"},"canonical":"https:\/\/bluetenklang.de\/?page_id=129","og_locale":"de_DE","og_type":"article","og_title":"Rechtliches - Bl\u00fctenKlang","og_description":"Wichtige Hinweise zur Bachbl\u00fctenberatung Ich bin zertifizierte Bachbl\u00fctenberaterin, keine \u00c4rztin oder Heilpraktikerin. Meine Bachbl\u00fctenberatungen ersetzen keine Untersuchung in einer Tierarzt- oder Heilpraktikerpraxis. Ich spreche Empfehlungen aus, behandle oder therapiere nicht und gebe keine Garantien. Ich stelle keine Diagnosen. Bachbl\u00fcten ersetzen kein ad\u00e4quates Training mit Ihrem Tier. Bei schweren, chronischen, sich verschlimmernden oder anhaltenden Beschwerden, kontaktieren [&hellip;]","og_url":"https:\/\/bluetenklang.de\/?page_id=129","og_site_name":"Bl\u00fctenKlang","article_modified_time":"2025-05-15T17:16:04+00:00","twitter_card":"summary_large_image","twitter_misc":{"Gesch\u00e4tzte Lesezeit":"2\u00a0Minuten"},"schema":{"@context":"https:\/\/schema.org","@graph":[{"@type":"WebPage","@id":"https:\/\/bluetenklang.de\/?page_id=129","url":"https:\/\/bluetenklang.de\/?page_id=129","name":"Rechtliches - Bl\u00fctenKlang","isPartOf":{"@id":"https:\/\/bluetenklang.de\/#website"},"datePublished":"2025-03-16T09:44:53+00:00","dateModified":"2025-05-15T17:16:04+00:00","breadcrumb":{"@id":"https:\/\/bluetenklang.de\/?page_id=129#breadcrumb"},"inLanguage":"de","potentialAction":[{"@type":"ReadAction","target":["https:\/\/bluetenklang.de\/?page_id=129"]}]},{"@type":"BreadcrumbList","@id":"https:\/\/bluetenklang.de\/?page_id=129#breadcrumb","itemListElement":[{"@type":"ListItem","position":1,"name":"Startseite","item":"https:\/\/bluetenklang.de\/"},{"@type":"ListItem","position":2,"name":"Rechtliches"}]},{"@type":"WebSite","@id":"https:\/\/bluetenklang.de\/#website","url":"https:\/\/bluetenklang.de\/","name":"Bl\u00fctenKlang","description":"","potentialAction":[{"@type":"SearchAction","target":{"@type":"EntryPoint","urlTemplate":"https:\/\/bluetenklang.de\/?s={search_term_string}"},"query-input":{"@type":"PropertyValueSpecification","valueRequired":true,"valueName":"search_term_string"}}],"inLanguage":"de"}]}},"_links":{"self":[{"href":"https:\/\/bluetenklang.de\/index.php?rest_route=\/wp\/v2\/pages\/129","targetHints":{"allow":["GET"]}}],"collection":[{"href":"https:\/\/bluetenklang.de\/index.php?rest_route=\/wp\/v2\/pages"}],"about":[{"href":"https:\/\/bluetenklang.de\/index.php?rest_route=\/wp\/v2\/types\/page"}],"author":[{"embeddable":true,"href":"https:\/\/bluetenklang.de\/index.php?rest_route=\/wp\/v2\/users\/1"}],"replies":[{"embeddable":true,"href":"https:\/\/bluetenklang.de\/index.php?rest_route=%2Fwp%2Fv2%2Fcomments&post=129"}],"version-history":[{"count":16,"href":"https:\/\/bluetenklang.de\/index.php?rest_route=\/wp\/v2\/pages\/129\/revisions"}],"predecessor-version":[{"id":877,"href":"https:\/\/bluetenklang.de\/index.php?rest_route=\/wp\/v2\/pages\/129\/revisions\/877"}],"wp:attachment":[{"href":"https:\/\/bluetenklang.de\/index.php?rest_route=%2Fwp%2Fv2%2Fmedia&parent=129"}],"curies":[{"name":"wp","href":"https:\/\/api.w.org\/{rel}","templated":true}]}}