{"id":153,"date":"2025-03-16T11:01:52","date_gmt":"2025-03-16T10:01:52","guid":{"rendered":"https:\/\/192.168.178.12\/?page_id=153"},"modified":"2025-05-15T18:06:42","modified_gmt":"2025-05-15T17:06:42","slug":"bachbluetenberatung-fuer-tiere","status":"publish","type":"page","link":"https:\/\/bluetenklang.de\/?page_id=153","title":{"rendered":"Bachbl\u00fctenberatung f\u00fcr Tiere"},"content":{"rendered":"\t\t<div data-elementor-type=\"wp-page\" data-elementor-id=\"153\" class=\"elementor elementor-153\">\n\t\t\t\t<div class=\"elementor-element elementor-element-d24249c e-flex e-con-boxed e-con e-parent\" data-id=\"d24249c\" data-element_type=\"container\" data-e-type=\"container\">\n\t\t\t\t\t<div class=\"e-con-inner\">\n\t\t\t\t<div class=\"elementor-element elementor-element-af58cdb elementor-widget elementor-widget-heading\" data-id=\"af58cdb\" data-element_type=\"widget\" data-e-type=\"widget\" data-widget_type=\"heading.default\">\n\t\t\t\t<div class=\"elementor-widget-container\">\n\t\t\t\t\t<h2 class=\"elementor-heading-title elementor-size-default\">Tierisch gut f\u00fchlen...<\/h2>\t\t\t\t<\/div>\n\t\t\t\t<\/div>\n\t\t\t\t\t<\/div>\n\t\t\t\t<\/div>\n\t\t<div class=\"elementor-element elementor-element-e151e63 e-flex e-con-boxed e-con e-parent\" data-id=\"e151e63\" data-element_type=\"container\" data-e-type=\"container\">\n\t\t\t\t\t<div class=\"e-con-inner\">\n\t\t\t\t<div class=\"elementor-element elementor-element-1aa3c09 elementor-widget elementor-widget-text-editor\" data-id=\"1aa3c09\" data-element_type=\"widget\" data-e-type=\"widget\" data-widget_type=\"text-editor.default\">\n\t\t\t\t<div class=\"elementor-widget-container\">\n\t\t\t\t\t\t\t\t\t<p style=\"text-align: left;\">Das Wohlbefinden unserer tierischen Weggef\u00e4hrten liegt mir sehr am Herzen. Insbesondere dann, wenn sie traumatische Erfahrungen machen mussten und \u00c4ngste haben, m\u00f6chte ich ihnen helfen, dass sie sich wieder besser f\u00fchlen, ihr Leben genie\u00dfen und wieder leichter Vertrauen aufbauen k\u00f6nnen. \u00a0<\/p><p style=\"text-align: left;\">Auf Grund meiner eigenen guten Erfahrungen mit Bachbl\u00fcten m\u00f6chte ich damit Tieren auf m\u00f6glichst einfachen Weg zu mehr Wohlbefinden verhelfen. Daher richtet sich meine Bachbl\u00fctenberatung an Tiere und deren Besitzerinnen \/ Besitzer und findet telefonisch statt.<\/p><p style=\"text-align: left;\">Viel Spa\u00df beim Durchst\u00f6bern der folgenden Unterseiten.<\/p><p style=\"text-align: center;\"><strong><a href=\"https:\/\/bluetenklang.de\/?page_id=172\">Bachbl\u00fcten-Info<\/a> | <a href=\"https:\/\/bluetenklang.de\/?page_id=178\">Bachbl\u00fcten bei Tieren &#8211; Anwendungsbeispiele<\/a> | <a href=\"https:\/\/bluetenklang.de\/?page_id=188\">Ablauf Bachbl\u00fctenberatung<\/a> | <\/strong><a href=\"https:\/\/bluetenklang.de\/?page_id=629\"><strong>Leistungen und Preise<\/strong><\/a><\/p><p style=\"text-align: left;\">Ich freue mich von Ihnen<strong> <a href=\"https:\/\/bluetenklang.de\/?page_id=58\">zu h\u00f6ren<\/a><\/strong>, Ihre Fragen zu beantworten und nat\u00fcrlich ganz besonders, wenn ich Ihrem tierischen Weggef\u00e4hrten und Ihnen weiterhelfen darf, damit sich alle tierisch gut f\u00fchlen.<\/p>\t\t\t\t\t\t\t\t<\/div>\n\t\t\t\t<\/div>\n\t\t\t\t\t<\/div>\n\t\t\t\t<\/div>\n\t\t\t\t<\/div>\n\t\t","protected":false},"excerpt":{"rendered":"<p>Tierisch gut f\u00fchlen&#8230; Das Wohlbefinden unserer tierischen Weggef\u00e4hrten liegt mir sehr am Herzen. Insbesondere dann, wenn sie traumatische Erfahrungen machen mussten und \u00c4ngste haben, m\u00f6chte ich ihnen helfen, dass sie sich wieder besser f\u00fchlen, ihr Leben genie\u00dfen und wieder leichter Vertrauen aufbauen k\u00f6nnen. \u00a0 Auf Grund meiner eigenen guten Erfahrungen mit Bachbl\u00fcten m\u00f6chte ich damit [&hellip;]<\/p>\n","protected":false},"author":1,"featured_media":0,"parent":0,"menu_order":0,"comment_status":"closed","ping_status":"closed","template":"","meta":{"ocean_post_layout":"","ocean_both_sidebars_style":"","ocean_both_sidebars_content_width":0,"ocean_both_sidebars_sidebars_width":0,"ocean_sidebar":"","ocean_second_sidebar":"","ocean_disable_margins":"enable","ocean_add_body_class":"","ocean_shortcode_before_top_bar":"","ocean_shortcode_after_top_bar":"","ocean_shortcode_before_header":"","ocean_shortcode_after_header":"","ocean_has_shortcode":"","ocean_shortcode_after_title":"","ocean_shortcode_before_footer_widgets":"","ocean_shortcode_after_footer_widgets":"","ocean_shortcode_before_footer_bottom":"","ocean_shortcode_after_footer_bottom":"","ocean_display_top_bar":"default","ocean_display_header":"default","ocean_header_style":"","ocean_center_header_left_menu":"","ocean_custom_header_template":"","ocean_custom_logo":0,"ocean_custom_retina_logo":0,"ocean_custom_logo_max_width":0,"ocean_custom_logo_tablet_max_width":0,"ocean_custom_logo_mobile_max_width":0,"ocean_custom_logo_max_height":0,"ocean_custom_logo_tablet_max_height":0,"ocean_custom_logo_mobile_max_height":0,"ocean_header_custom_menu":"","ocean_menu_typo_font_family":"","ocean_menu_typo_font_subset":"","ocean_menu_typo_font_size":0,"ocean_menu_typo_font_size_tablet":0,"ocean_menu_typo_font_size_mobile":0,"ocean_menu_typo_font_size_unit":"px","ocean_menu_typo_font_weight":"","ocean_menu_typo_font_weight_tablet":"","ocean_menu_typo_font_weight_mobile":"","ocean_menu_typo_transform":"","ocean_menu_typo_transform_tablet":"","ocean_menu_typo_transform_mobile":"","ocean_menu_typo_line_height":0,"ocean_menu_typo_line_height_tablet":0,"ocean_menu_typo_line_height_mobile":0,"ocean_menu_typo_line_height_unit":"","ocean_menu_typo_spacing":0,"ocean_menu_typo_spacing_tablet":0,"ocean_menu_typo_spacing_mobile":0,"ocean_menu_typo_spacing_unit":"","ocean_menu_link_color":"","ocean_menu_link_color_hover":"","ocean_menu_link_color_active":"","ocean_menu_link_background":"","ocean_menu_link_hover_background":"","ocean_menu_link_active_background":"","ocean_menu_social_links_bg":"","ocean_menu_social_hover_links_bg":"","ocean_menu_social_links_color":"","ocean_menu_social_hover_links_color":"","ocean_disable_title":"default","ocean_disable_heading":"default","ocean_post_title":"","ocean_post_subheading":"","ocean_post_title_style":"","ocean_post_title_background_color":"","ocean_post_title_background":0,"ocean_post_title_bg_image_position":"","ocean_post_title_bg_image_attachment":"","ocean_post_title_bg_image_repeat":"","ocean_post_title_bg_image_size":"","ocean_post_title_height":0,"ocean_post_title_bg_overlay":0.5,"ocean_post_title_bg_overlay_color":"","ocean_disable_breadcrumbs":"default","ocean_breadcrumbs_color":"","ocean_breadcrumbs_separator_color":"","ocean_breadcrumbs_links_color":"","ocean_breadcrumbs_links_hover_color":"","ocean_display_footer_widgets":"default","ocean_display_footer_bottom":"default","ocean_custom_footer_template":"","footnotes":""},"class_list":["post-153","page","type-page","status-publish","hentry","entry"],"yoast_head":"<!-- This site is optimized with the Yoast SEO plugin v27.5 - https:\/\/yoast.com\/product\/yoast-seo-wordpress\/ -->\n<title>Bachbl\u00fctenberatung f\u00fcr Tiere - Bl\u00fctenKlang<\/title>\n<meta name=\"robots\" content=\"index, follow, max-snippet:-1, max-image-preview:large, max-video-preview:-1\" \/>\n<link rel=\"canonical\" href=\"https:\/\/bluetenklang.de\/?page_id=153\" \/>\n<meta property=\"og:locale\" content=\"de_DE\" \/>\n<meta property=\"og:type\" content=\"article\" \/>\n<meta property=\"og:title\" content=\"Bachbl\u00fctenberatung f\u00fcr Tiere - Bl\u00fctenKlang\" \/>\n<meta property=\"og:description\" content=\"Tierisch gut f\u00fchlen&#8230; Das Wohlbefinden unserer tierischen Weggef\u00e4hrten liegt mir sehr am Herzen. Insbesondere dann, wenn sie traumatische Erfahrungen machen mussten und \u00c4ngste haben, m\u00f6chte ich ihnen helfen, dass sie sich wieder besser f\u00fchlen, ihr Leben genie\u00dfen und wieder leichter Vertrauen aufbauen k\u00f6nnen. \u00a0 Auf Grund meiner eigenen guten Erfahrungen mit Bachbl\u00fcten m\u00f6chte ich damit [&hellip;]\" \/>\n<meta property=\"og:url\" content=\"https:\/\/bluetenklang.de\/?page_id=153\" \/>\n<meta property=\"og:site_name\" content=\"Bl\u00fctenKlang\" \/>\n<meta property=\"article:modified_time\" content=\"2025-05-15T17:06:42+00:00\" \/>\n<meta name=\"twitter:card\" content=\"summary_large_image\" \/>\n<meta name=\"twitter:label1\" content=\"Gesch\u00e4tzte Lesezeit\" \/>\n\t<meta name=\"twitter:data1\" content=\"1\u00a0Minute\" \/>\n<script type=\"application\/ld+json\" class=\"yoast-schema-graph\">{\"@context\":\"https:\\\/\\\/schema.org\",\"@graph\":[{\"@type\":\"WebPage\",\"@id\":\"https:\\\/\\\/bluetenklang.de\\\/?page_id=153\",\"url\":\"https:\\\/\\\/bluetenklang.de\\\/?page_id=153\",\"name\":\"Bachbl\u00fctenberatung f\u00fcr Tiere - Bl\u00fctenKlang\",\"isPartOf\":{\"@id\":\"https:\\\/\\\/bluetenklang.de\\\/#website\"},\"datePublished\":\"2025-03-16T10:01:52+00:00\",\"dateModified\":\"2025-05-15T17:06:42+00:00\",\"breadcrumb\":{\"@id\":\"https:\\\/\\\/bluetenklang.de\\\/?page_id=153#breadcrumb\"},\"inLanguage\":\"de\",\"potentialAction\":[{\"@type\":\"ReadAction\",\"target\":[\"https:\\\/\\\/bluetenklang.de\\\/?page_id=153\"]}]},{\"@type\":\"BreadcrumbList\",\"@id\":\"https:\\\/\\\/bluetenklang.de\\\/?page_id=153#breadcrumb\",\"itemListElement\":[{\"@type\":\"ListItem\",\"position\":1,\"name\":\"Startseite\",\"item\":\"https:\\\/\\\/bluetenklang.de\\\/\"},{\"@type\":\"ListItem\",\"position\":2,\"name\":\"Bachbl\u00fctenberatung f\u00fcr Tiere\"}]},{\"@type\":\"WebSite\",\"@id\":\"https:\\\/\\\/bluetenklang.de\\\/#website\",\"url\":\"https:\\\/\\\/bluetenklang.de\\\/\",\"name\":\"Bl\u00fctenKlang\",\"description\":\"\",\"potentialAction\":[{\"@type\":\"SearchAction\",\"target\":{\"@type\":\"EntryPoint\",\"urlTemplate\":\"https:\\\/\\\/bluetenklang.de\\\/?s={search_term_string}\"},\"query-input\":{\"@type\":\"PropertyValueSpecification\",\"valueRequired\":true,\"valueName\":\"search_term_string\"}}],\"inLanguage\":\"de\"}]}<\/script>\n<!-- \/ Yoast SEO plugin. -->","yoast_head_json":{"title":"Bachbl\u00fctenberatung f\u00fcr Tiere - Bl\u00fctenKlang","robots":{"index":"index","follow":"follow","max-snippet":"max-snippet:-1","max-image-preview":"max-image-preview:large","max-video-preview":"max-video-preview:-1"},"canonical":"https:\/\/bluetenklang.de\/?page_id=153","og_locale":"de_DE","og_type":"article","og_title":"Bachbl\u00fctenberatung f\u00fcr Tiere - Bl\u00fctenKlang","og_description":"Tierisch gut f\u00fchlen&#8230; Das Wohlbefinden unserer tierischen Weggef\u00e4hrten liegt mir sehr am Herzen. Insbesondere dann, wenn sie traumatische Erfahrungen machen mussten und \u00c4ngste haben, m\u00f6chte ich ihnen helfen, dass sie sich wieder besser f\u00fchlen, ihr Leben genie\u00dfen und wieder leichter Vertrauen aufbauen k\u00f6nnen. \u00a0 Auf Grund meiner eigenen guten Erfahrungen mit Bachbl\u00fcten m\u00f6chte ich damit [&hellip;]","og_url":"https:\/\/bluetenklang.de\/?page_id=153","og_site_name":"Bl\u00fctenKlang","article_modified_time":"2025-05-15T17:06:42+00:00","twitter_card":"summary_large_image","twitter_misc":{"Gesch\u00e4tzte Lesezeit":"1\u00a0Minute"},"schema":{"@context":"https:\/\/schema.org","@graph":[{"@type":"WebPage","@id":"https:\/\/bluetenklang.de\/?page_id=153","url":"https:\/\/bluetenklang.de\/?page_id=153","name":"Bachbl\u00fctenberatung f\u00fcr Tiere - Bl\u00fctenKlang","isPartOf":{"@id":"https:\/\/bluetenklang.de\/#website"},"datePublished":"2025-03-16T10:01:52+00:00","dateModified":"2025-05-15T17:06:42+00:00","breadcrumb":{"@id":"https:\/\/bluetenklang.de\/?page_id=153#breadcrumb"},"inLanguage":"de","potentialAction":[{"@type":"ReadAction","target":["https:\/\/bluetenklang.de\/?page_id=153"]}]},{"@type":"BreadcrumbList","@id":"https:\/\/bluetenklang.de\/?page_id=153#breadcrumb","itemListElement":[{"@type":"ListItem","position":1,"name":"Startseite","item":"https:\/\/bluetenklang.de\/"},{"@type":"ListItem","position":2,"name":"Bachbl\u00fctenberatung f\u00fcr Tiere"}]},{"@type":"WebSite","@id":"https:\/\/bluetenklang.de\/#website","url":"https:\/\/bluetenklang.de\/","name":"Bl\u00fctenKlang","description":"","potentialAction":[{"@type":"SearchAction","target":{"@type":"EntryPoint","urlTemplate":"https:\/\/bluetenklang.de\/?s={search_term_string}"},"query-input":{"@type":"PropertyValueSpecification","valueRequired":true,"valueName":"search_term_string"}}],"inLanguage":"de"}]}},"_links":{"self":[{"href":"https:\/\/bluetenklang.de\/index.php?rest_route=\/wp\/v2\/pages\/153","targetHints":{"allow":["GET"]}}],"collection":[{"href":"https:\/\/bluetenklang.de\/index.php?rest_route=\/wp\/v2\/pages"}],"about":[{"href":"https:\/\/bluetenklang.de\/index.php?rest_route=\/wp\/v2\/types\/page"}],"author":[{"embeddable":true,"href":"https:\/\/bluetenklang.de\/index.php?rest_route=\/wp\/v2\/users\/1"}],"replies":[{"embeddable":true,"href":"https:\/\/bluetenklang.de\/index.php?rest_route=%2Fwp%2Fv2%2Fcomments&post=153"}],"version-history":[{"count":38,"href":"https:\/\/bluetenklang.de\/index.php?rest_route=\/wp\/v2\/pages\/153\/revisions"}],"predecessor-version":[{"id":862,"href":"https:\/\/bluetenklang.de\/index.php?rest_route=\/wp\/v2\/pages\/153\/revisions\/862"}],"wp:attachment":[{"href":"https:\/\/bluetenklang.de\/index.php?rest_route=%2Fwp%2Fv2%2Fmedia&parent=153"}],"curies":[{"name":"wp","href":"https:\/\/api.w.org\/{rel}","templated":true}]}}