{"id":159,"date":"2025-03-16T11:05:15","date_gmt":"2025-03-16T10:05:15","guid":{"rendered":"https:\/\/192.168.178.12\/?page_id=159"},"modified":"2026-04-03T18:57:28","modified_gmt":"2026-04-03T17:57:28","slug":"klangentspannung","status":"publish","type":"page","link":"https:\/\/bluetenklang.de\/?page_id=159","title":{"rendered":"Klangentspannung"},"content":{"rendered":"\t\t<div data-elementor-type=\"wp-page\" data-elementor-id=\"159\" class=\"elementor elementor-159\">\n\t\t\t\t<div class=\"elementor-element elementor-element-c6cac39 e-grid e-con-boxed e-con e-parent\" data-id=\"c6cac39\" data-element_type=\"container\" data-e-type=\"container\">\n\t\t\t\t\t<div class=\"e-con-inner\">\n\t\t\t\t<div class=\"elementor-element elementor-element-917ed36 elementor-widget elementor-widget-image\" data-id=\"917ed36\" data-element_type=\"widget\" data-e-type=\"widget\" data-widget_type=\"image.default\">\n\t\t\t\t<div class=\"elementor-widget-container\">\n\t\t\t\t\t\t\t\t\t\t\t\t<figure class=\"wp-caption\">\n\t\t\t\t\t\t\t\t\t\t<img fetchpriority=\"high\" decoding=\"async\" width=\"1024\" height=\"468\" src=\"https:\/\/bluetenklang.de\/wp-content\/uploads\/2025\/04\/Klangschalen-1024x468.jpg\" class=\"attachment-large size-large wp-image-452\" alt=\"Foto verschiedener Klangschalen\" srcset=\"https:\/\/bluetenklang.de\/wp-content\/uploads\/2025\/04\/Klangschalen-1024x468.jpg 1024w, https:\/\/bluetenklang.de\/wp-content\/uploads\/2025\/04\/Klangschalen-300x137.jpg 300w, https:\/\/bluetenklang.de\/wp-content\/uploads\/2025\/04\/Klangschalen-768x351.jpg 768w, https:\/\/bluetenklang.de\/wp-content\/uploads\/2025\/04\/Klangschalen-1536x701.jpg 1536w, https:\/\/bluetenklang.de\/wp-content\/uploads\/2025\/04\/Klangschalen-2048x935.jpg 2048w\" sizes=\"(max-width: 1024px) 100vw, 1024px\" \/>\t\t\t\t\t\t\t\t\t\t\t<figcaption class=\"widget-image-caption wp-caption-text\">Foto verschiedener Klangschalen (Foto: M. Schimkus)<\/figcaption>\n\t\t\t\t\t\t\t\t\t\t<\/figure>\n\t\t\t\t\t\t\t\t\t<\/div>\n\t\t\t\t<\/div>\n\t\t\t\t<div class=\"elementor-element elementor-element-cffb292 elementor-widget elementor-widget-text-editor\" data-id=\"cffb292\" data-element_type=\"widget\" data-e-type=\"widget\" data-widget_type=\"text-editor.default\">\n\t\t\t\t<div class=\"elementor-widget-container\">\n\t\t\t\t\t\t\t\t\t<p>In diesem Bereich m\u00f6chte ich meine Faszination f\u00fcr Klangschalen teilen und etwas Entspannung und Entschleunigung schenken.<\/p>\t\t\t\t\t\t\t\t<\/div>\n\t\t\t\t<\/div>\n\t\t\t\t\t<\/div>\n\t\t\t\t<\/div>\n\t\t<div class=\"elementor-element elementor-element-9683759 e-flex e-con-boxed e-con e-parent\" data-id=\"9683759\" data-element_type=\"container\" data-e-type=\"container\">\n\t\t\t\t\t<div class=\"e-con-inner\">\n\t\t\t\t<div class=\"elementor-element elementor-element-01aa598 elementor-widget elementor-widget-text-editor\" data-id=\"01aa598\" data-element_type=\"widget\" data-e-type=\"widget\" data-widget_type=\"text-editor.default\">\n\t\t\t\t<div class=\"elementor-widget-container\">\n\t\t\t\t\t\t\t\t\t<p style=\"text-align: center;\"><a href=\"https:\/\/bluetenklang.de\/?page_id=457\">Klangschalen &#8211; Info<\/a> | <a href=\"https:\/\/bluetenklang.de\/?page_id=907\">Klangschalen bei Tieren<\/a> | <a href=\"https:\/\/bluetenklang.de\/?page_id=475\">Meditation &#8211; Info<\/a> | <a href=\"https:\/\/bluetenklang.de\/?page_id=481\">virtueller Klangraum<\/a><\/p>\t\t\t\t\t\t\t\t<\/div>\n\t\t\t\t<\/div>\n\t\t\t\t\t<\/div>\n\t\t\t\t<\/div>\n\t\t\t\t<\/div>\n\t\t","protected":false},"excerpt":{"rendered":"<p>Foto verschiedener Klangschalen (Foto: M. Schimkus) In diesem Bereich m\u00f6chte ich meine Faszination f\u00fcr Klangschalen teilen und etwas Entspannung und Entschleunigung schenken. Klangschalen &#8211; Info | Klangschalen bei Tieren | Meditation &#8211; Info | virtueller Klangraum<\/p>\n","protected":false},"author":1,"featured_media":0,"parent":0,"menu_order":0,"comment_status":"closed","ping_status":"closed","template":"","meta":{"ocean_post_layout":"","ocean_both_sidebars_style":"","ocean_both_sidebars_content_width":0,"ocean_both_sidebars_sidebars_width":0,"ocean_sidebar":"","ocean_second_sidebar":"","ocean_disable_margins":"enable","ocean_add_body_class":"","ocean_shortcode_before_top_bar":"","ocean_shortcode_after_top_bar":"","ocean_shortcode_before_header":"","ocean_shortcode_after_header":"","ocean_has_shortcode":"","ocean_shortcode_after_title":"","ocean_shortcode_before_footer_widgets":"","ocean_shortcode_after_footer_widgets":"","ocean_shortcode_before_footer_bottom":"","ocean_shortcode_after_footer_bottom":"","ocean_display_top_bar":"default","ocean_display_header":"default","ocean_header_style":"","ocean_center_header_left_menu":"","ocean_custom_header_template":"","ocean_custom_logo":0,"ocean_custom_retina_logo":0,"ocean_custom_logo_max_width":0,"ocean_custom_logo_tablet_max_width":0,"ocean_custom_logo_mobile_max_width":0,"ocean_custom_logo_max_height":0,"ocean_custom_logo_tablet_max_height":0,"ocean_custom_logo_mobile_max_height":0,"ocean_header_custom_menu":"","ocean_menu_typo_font_family":"","ocean_menu_typo_font_subset":"","ocean_menu_typo_font_size":0,"ocean_menu_typo_font_size_tablet":0,"ocean_menu_typo_font_size_mobile":0,"ocean_menu_typo_font_size_unit":"px","ocean_menu_typo_font_weight":"","ocean_menu_typo_font_weight_tablet":"","ocean_menu_typo_font_weight_mobile":"","ocean_menu_typo_transform":"","ocean_menu_typo_transform_tablet":"","ocean_menu_typo_transform_mobile":"","ocean_menu_typo_line_height":0,"ocean_menu_typo_line_height_tablet":0,"ocean_menu_typo_line_height_mobile":0,"ocean_menu_typo_line_height_unit":"","ocean_menu_typo_spacing":0,"ocean_menu_typo_spacing_tablet":0,"ocean_menu_typo_spacing_mobile":0,"ocean_menu_typo_spacing_unit":"","ocean_menu_link_color":"","ocean_menu_link_color_hover":"","ocean_menu_link_color_active":"","ocean_menu_link_background":"","ocean_menu_link_hover_background":"","ocean_menu_link_active_background":"","ocean_menu_social_links_bg":"","ocean_menu_social_hover_links_bg":"","ocean_menu_social_links_color":"","ocean_menu_social_hover_links_color":"","ocean_disable_title":"default","ocean_disable_heading":"default","ocean_post_title":"","ocean_post_subheading":"","ocean_post_title_style":"","ocean_post_title_background_color":"","ocean_post_title_background":0,"ocean_post_title_bg_image_position":"","ocean_post_title_bg_image_attachment":"","ocean_post_title_bg_image_repeat":"","ocean_post_title_bg_image_size":"","ocean_post_title_height":0,"ocean_post_title_bg_overlay":0.5,"ocean_post_title_bg_overlay_color":"","ocean_disable_breadcrumbs":"default","ocean_breadcrumbs_color":"","ocean_breadcrumbs_separator_color":"","ocean_breadcrumbs_links_color":"","ocean_breadcrumbs_links_hover_color":"","ocean_display_footer_widgets":"default","ocean_display_footer_bottom":"default","ocean_custom_footer_template":"","footnotes":""},"class_list":["post-159","page","type-page","status-publish","hentry","entry"],"yoast_head":"<!-- This site is optimized with the Yoast SEO plugin v27.5 - https:\/\/yoast.com\/product\/yoast-seo-wordpress\/ -->\n<title>Klangentspannung - Bl\u00fctenKlang<\/title>\n<meta name=\"robots\" content=\"index, follow, max-snippet:-1, max-image-preview:large, max-video-preview:-1\" \/>\n<link rel=\"canonical\" href=\"https:\/\/bluetenklang.de\/?page_id=159\" \/>\n<meta property=\"og:locale\" content=\"de_DE\" \/>\n<meta property=\"og:type\" content=\"article\" \/>\n<meta property=\"og:title\" content=\"Klangentspannung - Bl\u00fctenKlang\" \/>\n<meta property=\"og:description\" content=\"Foto verschiedener Klangschalen (Foto: M. Schimkus) In diesem Bereich m\u00f6chte ich meine Faszination f\u00fcr Klangschalen teilen und etwas Entspannung und Entschleunigung schenken. Klangschalen &#8211; Info | Klangschalen bei Tieren | Meditation &#8211; Info | virtueller Klangraum\" \/>\n<meta property=\"og:url\" content=\"https:\/\/bluetenklang.de\/?page_id=159\" \/>\n<meta property=\"og:site_name\" content=\"Bl\u00fctenKlang\" \/>\n<meta property=\"article:modified_time\" content=\"2026-04-03T17:57:28+00:00\" \/>\n<meta property=\"og:image\" content=\"https:\/\/bluetenklang.de\/wp-content\/uploads\/2025\/04\/Klangschalen-1024x468.jpg\" \/>\n<meta name=\"twitter:card\" content=\"summary_large_image\" \/>\n<meta name=\"twitter:label1\" content=\"Gesch\u00e4tzte Lesezeit\" \/>\n\t<meta name=\"twitter:data1\" content=\"1\u00a0Minute\" \/>\n<script type=\"application\/ld+json\" class=\"yoast-schema-graph\">{\"@context\":\"https:\\\/\\\/schema.org\",\"@graph\":[{\"@type\":\"WebPage\",\"@id\":\"https:\\\/\\\/bluetenklang.de\\\/?page_id=159\",\"url\":\"https:\\\/\\\/bluetenklang.de\\\/?page_id=159\",\"name\":\"Klangentspannung - Bl\u00fctenKlang\",\"isPartOf\":{\"@id\":\"https:\\\/\\\/bluetenklang.de\\\/#website\"},\"primaryImageOfPage\":{\"@id\":\"https:\\\/\\\/bluetenklang.de\\\/?page_id=159#primaryimage\"},\"image\":{\"@id\":\"https:\\\/\\\/bluetenklang.de\\\/?page_id=159#primaryimage\"},\"thumbnailUrl\":\"https:\\\/\\\/bluetenklang.de\\\/wp-content\\\/uploads\\\/2025\\\/04\\\/Klangschalen-1024x468.jpg\",\"datePublished\":\"2025-03-16T10:05:15+00:00\",\"dateModified\":\"2026-04-03T17:57:28+00:00\",\"breadcrumb\":{\"@id\":\"https:\\\/\\\/bluetenklang.de\\\/?page_id=159#breadcrumb\"},\"inLanguage\":\"de\",\"potentialAction\":[{\"@type\":\"ReadAction\",\"target\":[\"https:\\\/\\\/bluetenklang.de\\\/?page_id=159\"]}]},{\"@type\":\"ImageObject\",\"inLanguage\":\"de\",\"@id\":\"https:\\\/\\\/bluetenklang.de\\\/?page_id=159#primaryimage\",\"url\":\"https:\\\/\\\/bluetenklang.de\\\/wp-content\\\/uploads\\\/2025\\\/04\\\/Klangschalen.jpg\",\"contentUrl\":\"https:\\\/\\\/bluetenklang.de\\\/wp-content\\\/uploads\\\/2025\\\/04\\\/Klangschalen.jpg\",\"width\":2560,\"height\":1169,\"caption\":\"Foto verschiedener Klangschalen\"},{\"@type\":\"BreadcrumbList\",\"@id\":\"https:\\\/\\\/bluetenklang.de\\\/?page_id=159#breadcrumb\",\"itemListElement\":[{\"@type\":\"ListItem\",\"position\":1,\"name\":\"Startseite\",\"item\":\"https:\\\/\\\/bluetenklang.de\\\/\"},{\"@type\":\"ListItem\",\"position\":2,\"name\":\"Klangentspannung\"}]},{\"@type\":\"WebSite\",\"@id\":\"https:\\\/\\\/bluetenklang.de\\\/#website\",\"url\":\"https:\\\/\\\/bluetenklang.de\\\/\",\"name\":\"Bl\u00fctenKlang\",\"description\":\"\",\"potentialAction\":[{\"@type\":\"SearchAction\",\"target\":{\"@type\":\"EntryPoint\",\"urlTemplate\":\"https:\\\/\\\/bluetenklang.de\\\/?s={search_term_string}\"},\"query-input\":{\"@type\":\"PropertyValueSpecification\",\"valueRequired\":true,\"valueName\":\"search_term_string\"}}],\"inLanguage\":\"de\"}]}<\/script>\n<!-- \/ Yoast SEO plugin. -->","yoast_head_json":{"title":"Klangentspannung - Bl\u00fctenKlang","robots":{"index":"index","follow":"follow","max-snippet":"max-snippet:-1","max-image-preview":"max-image-preview:large","max-video-preview":"max-video-preview:-1"},"canonical":"https:\/\/bluetenklang.de\/?page_id=159","og_locale":"de_DE","og_type":"article","og_title":"Klangentspannung - Bl\u00fctenKlang","og_description":"Foto verschiedener Klangschalen (Foto: M. Schimkus) In diesem Bereich m\u00f6chte ich meine Faszination f\u00fcr Klangschalen teilen und etwas Entspannung und Entschleunigung schenken. Klangschalen &#8211; Info | Klangschalen bei Tieren | Meditation &#8211; Info | virtueller Klangraum","og_url":"https:\/\/bluetenklang.de\/?page_id=159","og_site_name":"Bl\u00fctenKlang","article_modified_time":"2026-04-03T17:57:28+00:00","og_image":[{"url":"https:\/\/bluetenklang.de\/wp-content\/uploads\/2025\/04\/Klangschalen-1024x468.jpg","type":"","width":"","height":""}],"twitter_card":"summary_large_image","twitter_misc":{"Gesch\u00e4tzte Lesezeit":"1\u00a0Minute"},"schema":{"@context":"https:\/\/schema.org","@graph":[{"@type":"WebPage","@id":"https:\/\/bluetenklang.de\/?page_id=159","url":"https:\/\/bluetenklang.de\/?page_id=159","name":"Klangentspannung - Bl\u00fctenKlang","isPartOf":{"@id":"https:\/\/bluetenklang.de\/#website"},"primaryImageOfPage":{"@id":"https:\/\/bluetenklang.de\/?page_id=159#primaryimage"},"image":{"@id":"https:\/\/bluetenklang.de\/?page_id=159#primaryimage"},"thumbnailUrl":"https:\/\/bluetenklang.de\/wp-content\/uploads\/2025\/04\/Klangschalen-1024x468.jpg","datePublished":"2025-03-16T10:05:15+00:00","dateModified":"2026-04-03T17:57:28+00:00","breadcrumb":{"@id":"https:\/\/bluetenklang.de\/?page_id=159#breadcrumb"},"inLanguage":"de","potentialAction":[{"@type":"ReadAction","target":["https:\/\/bluetenklang.de\/?page_id=159"]}]},{"@type":"ImageObject","inLanguage":"de","@id":"https:\/\/bluetenklang.de\/?page_id=159#primaryimage","url":"https:\/\/bluetenklang.de\/wp-content\/uploads\/2025\/04\/Klangschalen.jpg","contentUrl":"https:\/\/bluetenklang.de\/wp-content\/uploads\/2025\/04\/Klangschalen.jpg","width":2560,"height":1169,"caption":"Foto verschiedener Klangschalen"},{"@type":"BreadcrumbList","@id":"https:\/\/bluetenklang.de\/?page_id=159#breadcrumb","itemListElement":[{"@type":"ListItem","position":1,"name":"Startseite","item":"https:\/\/bluetenklang.de\/"},{"@type":"ListItem","position":2,"name":"Klangentspannung"}]},{"@type":"WebSite","@id":"https:\/\/bluetenklang.de\/#website","url":"https:\/\/bluetenklang.de\/","name":"Bl\u00fctenKlang","description":"","potentialAction":[{"@type":"SearchAction","target":{"@type":"EntryPoint","urlTemplate":"https:\/\/bluetenklang.de\/?s={search_term_string}"},"query-input":{"@type":"PropertyValueSpecification","valueRequired":true,"valueName":"search_term_string"}}],"inLanguage":"de"}]}},"_links":{"self":[{"href":"https:\/\/bluetenklang.de\/index.php?rest_route=\/wp\/v2\/pages\/159","targetHints":{"allow":["GET"]}}],"collection":[{"href":"https:\/\/bluetenklang.de\/index.php?rest_route=\/wp\/v2\/pages"}],"about":[{"href":"https:\/\/bluetenklang.de\/index.php?rest_route=\/wp\/v2\/types\/page"}],"author":[{"embeddable":true,"href":"https:\/\/bluetenklang.de\/index.php?rest_route=\/wp\/v2\/users\/1"}],"replies":[{"embeddable":true,"href":"https:\/\/bluetenklang.de\/index.php?rest_route=%2Fwp%2Fv2%2Fcomments&post=159"}],"version-history":[{"count":28,"href":"https:\/\/bluetenklang.de\/index.php?rest_route=\/wp\/v2\/pages\/159\/revisions"}],"predecessor-version":[{"id":921,"href":"https:\/\/bluetenklang.de\/index.php?rest_route=\/wp\/v2\/pages\/159\/revisions\/921"}],"wp:attachment":[{"href":"https:\/\/bluetenklang.de\/index.php?rest_route=%2Fwp%2Fv2%2Fmedia&parent=159"}],"curies":[{"name":"wp","href":"https:\/\/api.w.org\/{rel}","templated":true}]}}