{"id":178,"date":"2025-03-16T11:26:41","date_gmt":"2025-03-16T10:26:41","guid":{"rendered":"https:\/\/192.168.178.12\/?page_id=178"},"modified":"2025-05-04T17:48:42","modified_gmt":"2025-05-04T16:48:42","slug":"bachblueten-bei-tieren-anwendungsbeispiele","status":"publish","type":"page","link":"https:\/\/bluetenklang.de\/?page_id=178","title":{"rendered":"Bachbl\u00fcten bei Tieren &#8211; Anwendungsbeispiele"},"content":{"rendered":"\t\t<div data-elementor-type=\"wp-page\" data-elementor-id=\"178\" class=\"elementor elementor-178\">\n\t\t\t\t<div class=\"elementor-element elementor-element-2e03727 e-flex e-con-boxed e-con e-parent\" data-id=\"2e03727\" data-element_type=\"container\" data-e-type=\"container\">\n\t\t\t\t\t<div class=\"e-con-inner\">\n\t\t<div class=\"elementor-element elementor-element-d00a707 e-con-full e-flex e-con e-child\" data-id=\"d00a707\" data-element_type=\"container\" data-e-type=\"container\">\n\t\t\t\t<div class=\"elementor-element elementor-element-cf8e4d5 elementor-widget elementor-widget-text-editor\" data-id=\"cf8e4d5\" data-element_type=\"widget\" data-e-type=\"widget\" data-widget_type=\"text-editor.default\">\n\t\t\t\t<div class=\"elementor-widget-container\">\n\t\t\t\t\t\t\t\t\t<p>Bachbl\u00fcten k\u00f6nnen Beispielsweise unterst\u00fctzen bei:<\/p><ul><li>Angst, Panik<\/li><li>R\u00fcckzug, Scheu<\/li><li>traumatischen Erfahrungen<\/li><li>Eifersucht<\/li><li>\u00dcbertriebener Menschenbezug, \u201eklammern\u201c<\/li><li>Protestverhalten<\/li><li>\u00dcberforderung, Stress<\/li><li>Konzentrationsschwierigkeiten, wiederholt gleiche Fehler machen<\/li><li>\u00fcbertriebenes Besch\u00fctzerverhalten, Aggressivit\u00e4t<\/li><li>zerst\u00f6rerisches Verhalten<\/li><li>Anspannung, Reizbarkeit<\/li><\/ul>\t\t\t\t\t\t\t\t<\/div>\n\t\t\t\t<\/div>\n\t\t\t\t<\/div>\n\t\t<div class=\"elementor-element elementor-element-e75b550 e-con-full e-flex e-con e-child\" data-id=\"e75b550\" data-element_type=\"container\" data-e-type=\"container\">\n\t\t\t\t<div class=\"elementor-element elementor-element-285d3be elementor-widget elementor-widget-image\" data-id=\"285d3be\" data-element_type=\"widget\" data-e-type=\"widget\" data-widget_type=\"image.default\">\n\t\t\t\t<div class=\"elementor-widget-container\">\n\t\t\t\t\t\t\t\t\t\t\t\t<figure class=\"wp-caption\">\n\t\t\t\t\t\t\t\t\t\t<img fetchpriority=\"high\" decoding=\"async\" width=\"768\" height=\"576\" src=\"https:\/\/bluetenklang.de\/wp-content\/uploads\/2025\/05\/Kira-768x576.jpg\" class=\"attachment-medium_large size-medium_large wp-image-689\" alt=\"Angespannter Hund auf Wiese\" srcset=\"https:\/\/bluetenklang.de\/wp-content\/uploads\/2025\/05\/Kira-768x576.jpg 768w, https:\/\/bluetenklang.de\/wp-content\/uploads\/2025\/05\/Kira-300x225.jpg 300w, https:\/\/bluetenklang.de\/wp-content\/uploads\/2025\/05\/Kira-1024x768.jpg 1024w, https:\/\/bluetenklang.de\/wp-content\/uploads\/2025\/05\/Kira-1536x1152.jpg 1536w, https:\/\/bluetenklang.de\/wp-content\/uploads\/2025\/05\/Kira-2048x1536.jpg 2048w\" sizes=\"(max-width: 768px) 100vw, 768px\" \/>\t\t\t\t\t\t\t\t\t\t\t<figcaption class=\"widget-image-caption wp-caption-text\">Angespannter Hund auf Wiese (Foto: M. Schimkus)<\/figcaption>\n\t\t\t\t\t\t\t\t\t\t<\/figure>\n\t\t\t\t\t\t\t\t\t<\/div>\n\t\t\t\t<\/div>\n\t\t\t\t<\/div>\n\t\t\t\t\t<\/div>\n\t\t\t\t<\/div>\n\t\t<div class=\"elementor-element elementor-element-c89f571 e-flex e-con-boxed e-con e-parent\" data-id=\"c89f571\" data-element_type=\"container\" data-e-type=\"container\">\n\t\t\t\t\t<div class=\"e-con-inner\">\n\t\t\t\t<div class=\"elementor-element elementor-element-0af54a8 elementor-widget elementor-widget-text-editor\" data-id=\"0af54a8\" data-element_type=\"widget\" data-e-type=\"widget\" data-widget_type=\"text-editor.default\">\n\t\t\t\t<div class=\"elementor-widget-container\">\n\t\t\t\t\t\t\t\t\t<p>Des Weiteren k\u00f6nnen Bachbl\u00fcten eine wertvolle Begleitung in folgenden Situationen sein:<\/p><ul><li>Bei Besitzerwechsel, Umzug, nach Trennung von der Mutter,<\/li><li>bei Reisen oder Urlaubsbetreuung,<\/li><li>zu Silvester, \u2026<\/li><\/ul><p>Diese Aufz\u00e4hlung ist nicht abschlie\u00dfend.<\/p><p>Auch organische Themen k\u00f6nnen f\u00fcr die Einnahme von Bachbl\u00fcten sprechen. K\u00f6rper, Geist und Seele h\u00e4ngen sehr eng miteinander zusammen und somit bringt das eine schnell auch das andere aus dem Lot &#8211; wie bereits beschrieben, ist nach Dr. Bach oft der Seelenzustand Grund f\u00fcr den K\u00f6rperlichen. Gerade bei schleichenden Beschwerden ist es manchmal nicht so leicht Ursachen oder auff\u00e4lliges Verhalten auszumachen. Die gezielten Fragen, um geeignete Bachbl\u00fcten zu finden, k\u00f6nnen hier eine gro\u00dfe Hilfe sein. Zudem haben Fr. Baumgart und Fr. Hand eine tolle Liste erarbeitet, die ich unterst\u00fctzend zu Rate ziehe, gerade auch, wenn es um die Zuordnung zu Meridianen geht. Im Vordergrund stehen aber immer die Seelenzust\u00e4nde nach den Bachbl\u00fcten-Prinzipien; hier muss aus solchen Listen immer ganz individuell der Bezug hergestellt werden.<\/p><p>Sie m\u00f6chten wissen, ob Bachbl\u00fcten in der individuellen Situation Ihres Tieres geeignet sind?<\/p><p><strong><a href=\"https:\/\/bluetenklang.de\/?page_id=58\">Kontaktieren<\/a> Sie mich gerne<\/strong>.<\/p><p>Ebenso bei weiteren Fragen oder nat\u00fcrlich gerne f\u00fcr eine Terminvereinbarung.<\/p>\t\t\t\t\t\t\t\t<\/div>\n\t\t\t\t<\/div>\n\t\t\t\t\t<\/div>\n\t\t\t\t<\/div>\n\t\t<div class=\"elementor-element elementor-element-fcb5163 e-flex e-con-boxed e-con e-parent\" data-id=\"fcb5163\" data-element_type=\"container\" data-e-type=\"container\">\n\t\t\t\t\t<div class=\"e-con-inner\">\n\t\t\t\t<div class=\"elementor-element elementor-element-1c0e393 elementor-widget elementor-widget-heading\" data-id=\"1c0e393\" data-element_type=\"widget\" data-e-type=\"widget\" data-widget_type=\"heading.default\">\n\t\t\t\t<div class=\"elementor-widget-container\">\n\t\t\t\t\t<h4 class=\"elementor-heading-title elementor-size-default\">Quellen<\/h4>\t\t\t\t<\/div>\n\t\t\t\t<\/div>\n\t\t\t\t<div class=\"elementor-element elementor-element-f17fbde elementor-widget elementor-widget-text-editor\" data-id=\"f17fbde\" data-element_type=\"widget\" data-e-type=\"widget\" data-widget_type=\"text-editor.default\">\n\t\t\t\t<div class=\"elementor-widget-container\">\n\t\t\t\t\t\t\t\t\t<p>Skript zur Ausbildung zum Bachbl\u00fctenberater, Gudrun Nebel, Naturheilschule Richter, 2023<br \/>Skript Seminar \u201eBachbl\u00fcten f\u00fcr Tiere\u201c, Heike Gerull, Naturheilschule Richter, 2024<br \/>Selbsthilfe- schnell und einfach Bach-Bl\u00fcten f\u00fcr Tiere, Liesel Baumgart und Marlies Hand, 2014, Oertel+Sp\u00f6rer Verlags-BmbH+Co.KG, Reutlingen<\/p>\t\t\t\t\t\t\t\t<\/div>\n\t\t\t\t<\/div>\n\t\t\t\t\t<\/div>\n\t\t\t\t<\/div>\n\t\t<div class=\"elementor-element elementor-element-a5d3a1e e-grid e-con-boxed e-con e-parent\" data-id=\"a5d3a1e\" data-element_type=\"container\" data-e-type=\"container\">\n\t\t\t\t\t<div class=\"e-con-inner\">\n\t\t\t\t<div class=\"elementor-element elementor-element-0a677db elementor-widget elementor-widget-image\" data-id=\"0a677db\" data-element_type=\"widget\" data-e-type=\"widget\" data-widget_type=\"image.default\">\n\t\t\t\t<div class=\"elementor-widget-container\">\n\t\t\t\t\t\t\t\t\t\t\t\t<figure class=\"wp-caption\">\n\t\t\t\t\t\t\t\t\t\t<img decoding=\"async\" width=\"768\" height=\"646\" src=\"https:\/\/bluetenklang.de\/wp-content\/uploads\/2025\/03\/Katzen_Baum-768x646.png\" class=\"attachment-medium_large size-medium_large wp-image-180\" alt=\"zwei aneinander gekuschelte zufriedene Kater\" srcset=\"https:\/\/bluetenklang.de\/wp-content\/uploads\/2025\/03\/Katzen_Baum-768x646.png 768w, https:\/\/bluetenklang.de\/wp-content\/uploads\/2025\/03\/Katzen_Baum-300x252.png 300w, https:\/\/bluetenklang.de\/wp-content\/uploads\/2025\/03\/Katzen_Baum-1024x862.png 1024w, https:\/\/bluetenklang.de\/wp-content\/uploads\/2025\/03\/Katzen_Baum-1536x1293.png 1536w, https:\/\/bluetenklang.de\/wp-content\/uploads\/2025\/03\/Katzen_Baum-2048x1723.png 2048w\" sizes=\"(max-width: 768px) 100vw, 768px\" \/>\t\t\t\t\t\t\t\t\t\t\t<figcaption class=\"widget-image-caption wp-caption-text\">unsere Burma-Kater (Foto: M. Schimkus)<\/figcaption>\n\t\t\t\t\t\t\t\t\t\t<\/figure>\n\t\t\t\t\t\t\t\t\t<\/div>\n\t\t\t\t<\/div>\n\t\t\t\t<div class=\"elementor-element elementor-element-b08d8aa elementor-widget elementor-widget-text-editor\" data-id=\"b08d8aa\" data-element_type=\"widget\" data-e-type=\"widget\" data-widget_type=\"text-editor.default\">\n\t\t\t\t<div class=\"elementor-widget-container\">\n\t\t\t\t\t\t\t\t\t<h4>Beispiele unserer Kater Fluffy und Fexx:<\/h4><ul><li>Fexx hat sich sobald er h\u00f6rte, dass wir den Staubsauger aus dem Kellerraum holten panisch unterm Sofa versteckt und kam erst wieder raus, nach dem der Staubsauber ganz sicher wieder verstaut war; auf welchem Stockwerk gerade gesaugt wurde, war unerheblich. Ich gab ihm eine Mischung aus Bachbl\u00fcten, die Angst vor konkreten Dingen, Panik und das Lernverhalten ansprechen. Es war ein Prozess \u00fcber einige Wochen, in dem sich immer wieder kleinste Fortschritte zeigten. Inzwischen versteckt er sich nur noch unterm Sofa, wenn der Staubsauger in seine N\u00e4he kommt. Dies macht er nicht mehr v\u00f6llig panisch und kommt hervor, sobald vor dem Sofa fertig gesaugt ist. Er hat bedeutend weniger Stress.<\/li><li>Beide Kater haben bei einem Aufenthalt in der Katzenpension (keine Gruppenhaltung) viel gemaunzt und das eine ganze Weile bei uns zu Hause fortgef\u00fchrt. Beim n\u00e4chsten Urlaub gab es eine Bachbl\u00fctenmischung, die gut bei Ortswechsel und Ver\u00e4nderung ist, den Drang nach Aufmerksamkeit, Probleme beim alleine sein und auch den \u00fcbertriebenen Menschenbezug anspricht. Aus der Katzenpension wurde ein deutlich entspannteres Verhalten der beiden geschildert und zu Hause war es, als w\u00e4ren sie bzw. wir nicht weggewesen.<\/li><li>Eigentlich sind unsere beiden Fellnasen ein Herz und eine Seele. Neulich hat allerdings Fexx Fluffy angebrummt und angefaucht. Hintergrund war eine Spielsituation, die Fexx eifers\u00fcchtig gemacht und scheinbar auch sehr gestresst hat. Nach 3 Tagen Bachbl\u00fcten wurde das Brummen und Fauchen bedeutend weniger, nach 6 Tagen, war alles wieder beim Alten.<\/li><\/ul>\t\t\t\t\t\t\t\t<\/div>\n\t\t\t\t<\/div>\n\t\t\t\t\t<\/div>\n\t\t\t\t<\/div>\n\t\t\t\t<\/div>\n\t\t","protected":false},"excerpt":{"rendered":"<p>Bachbl\u00fcten k\u00f6nnen Beispielsweise unterst\u00fctzen bei: Angst, Panik R\u00fcckzug, Scheu traumatischen Erfahrungen Eifersucht \u00dcbertriebener Menschenbezug, \u201eklammern\u201c Protestverhalten \u00dcberforderung, Stress Konzentrationsschwierigkeiten, wiederholt gleiche Fehler machen \u00fcbertriebenes Besch\u00fctzerverhalten, Aggressivit\u00e4t zerst\u00f6rerisches Verhalten Anspannung, Reizbarkeit Angespannter Hund auf Wiese (Foto: M. Schimkus) Des Weiteren k\u00f6nnen Bachbl\u00fcten eine wertvolle Begleitung in folgenden Situationen sein: Bei Besitzerwechsel, Umzug, nach Trennung von der [&hellip;]<\/p>\n","protected":false},"author":1,"featured_media":0,"parent":0,"menu_order":0,"comment_status":"closed","ping_status":"closed","template":"","meta":{"ocean_post_layout":"","ocean_both_sidebars_style":"","ocean_both_sidebars_content_width":0,"ocean_both_sidebars_sidebars_width":0,"ocean_sidebar":"","ocean_second_sidebar":"","ocean_disable_margins":"enable","ocean_add_body_class":"","ocean_shortcode_before_top_bar":"","ocean_shortcode_after_top_bar":"","ocean_shortcode_before_header":"","ocean_shortcode_after_header":"","ocean_has_shortcode":"","ocean_shortcode_after_title":"","ocean_shortcode_before_footer_widgets":"","ocean_shortcode_after_footer_widgets":"","ocean_shortcode_before_footer_bottom":"","ocean_shortcode_after_footer_bottom":"","ocean_display_top_bar":"default","ocean_display_header":"default","ocean_header_style":"","ocean_center_header_left_menu":"","ocean_custom_header_template":"","ocean_custom_logo":0,"ocean_custom_retina_logo":0,"ocean_custom_logo_max_width":0,"ocean_custom_logo_tablet_max_width":0,"ocean_custom_logo_mobile_max_width":0,"ocean_custom_logo_max_height":0,"ocean_custom_logo_tablet_max_height":0,"ocean_custom_logo_mobile_max_height":0,"ocean_header_custom_menu":"","ocean_menu_typo_font_family":"","ocean_menu_typo_font_subset":"","ocean_menu_typo_font_size":0,"ocean_menu_typo_font_size_tablet":0,"ocean_menu_typo_font_size_mobile":0,"ocean_menu_typo_font_size_unit":"px","ocean_menu_typo_font_weight":"","ocean_menu_typo_font_weight_tablet":"","ocean_menu_typo_font_weight_mobile":"","ocean_menu_typo_transform":"","ocean_menu_typo_transform_tablet":"","ocean_menu_typo_transform_mobile":"","ocean_menu_typo_line_height":0,"ocean_menu_typo_line_height_tablet":0,"ocean_menu_typo_line_height_mobile":0,"ocean_menu_typo_line_height_unit":"","ocean_menu_typo_spacing":0,"ocean_menu_typo_spacing_tablet":0,"ocean_menu_typo_spacing_mobile":0,"ocean_menu_typo_spacing_unit":"","ocean_menu_link_color":"","ocean_menu_link_color_hover":"","ocean_menu_link_color_active":"","ocean_menu_link_background":"","ocean_menu_link_hover_background":"","ocean_menu_link_active_background":"","ocean_menu_social_links_bg":"","ocean_menu_social_hover_links_bg":"","ocean_menu_social_links_color":"","ocean_menu_social_hover_links_color":"","ocean_disable_title":"default","ocean_disable_heading":"default","ocean_post_title":"","ocean_post_subheading":"","ocean_post_title_style":"","ocean_post_title_background_color":"","ocean_post_title_background":0,"ocean_post_title_bg_image_position":"","ocean_post_title_bg_image_attachment":"","ocean_post_title_bg_image_repeat":"","ocean_post_title_bg_image_size":"","ocean_post_title_height":0,"ocean_post_title_bg_overlay":0.5,"ocean_post_title_bg_overlay_color":"","ocean_disable_breadcrumbs":"default","ocean_breadcrumbs_color":"","ocean_breadcrumbs_separator_color":"","ocean_breadcrumbs_links_color":"","ocean_breadcrumbs_links_hover_color":"","ocean_display_footer_widgets":"default","ocean_display_footer_bottom":"default","ocean_custom_footer_template":"","footnotes":""},"class_list":["post-178","page","type-page","status-publish","hentry","entry"],"yoast_head":"<!-- This site is optimized with the Yoast SEO plugin v27.5 - https:\/\/yoast.com\/product\/yoast-seo-wordpress\/ -->\n<title>Bachbl\u00fcten bei Tieren - Anwendungsbeispiele - Bl\u00fctenKlang<\/title>\n<meta name=\"robots\" content=\"index, follow, max-snippet:-1, max-image-preview:large, max-video-preview:-1\" \/>\n<link rel=\"canonical\" href=\"https:\/\/bluetenklang.de\/?page_id=178\" \/>\n<meta property=\"og:locale\" content=\"de_DE\" \/>\n<meta property=\"og:type\" content=\"article\" \/>\n<meta property=\"og:title\" content=\"Bachbl\u00fcten bei Tieren - Anwendungsbeispiele - Bl\u00fctenKlang\" \/>\n<meta property=\"og:description\" content=\"Bachbl\u00fcten k\u00f6nnen Beispielsweise unterst\u00fctzen bei: Angst, Panik R\u00fcckzug, Scheu traumatischen Erfahrungen Eifersucht \u00dcbertriebener Menschenbezug, \u201eklammern\u201c Protestverhalten \u00dcberforderung, Stress Konzentrationsschwierigkeiten, wiederholt gleiche Fehler machen \u00fcbertriebenes Besch\u00fctzerverhalten, Aggressivit\u00e4t zerst\u00f6rerisches Verhalten Anspannung, Reizbarkeit Angespannter Hund auf Wiese (Foto: M. Schimkus) Des Weiteren k\u00f6nnen Bachbl\u00fcten eine wertvolle Begleitung in folgenden Situationen sein: Bei Besitzerwechsel, Umzug, nach Trennung von der [&hellip;]\" \/>\n<meta property=\"og:url\" content=\"https:\/\/bluetenklang.de\/?page_id=178\" \/>\n<meta property=\"og:site_name\" content=\"Bl\u00fctenKlang\" \/>\n<meta property=\"article:modified_time\" content=\"2025-05-04T16:48:42+00:00\" \/>\n<meta property=\"og:image\" content=\"https:\/\/bluetenklang.de\/wp-content\/uploads\/2025\/05\/Kira-768x576.jpg\" \/>\n<meta name=\"twitter:card\" content=\"summary_large_image\" \/>\n<meta name=\"twitter:label1\" content=\"Gesch\u00e4tzte Lesezeit\" \/>\n\t<meta name=\"twitter:data1\" content=\"3\u00a0Minuten\" \/>\n<script type=\"application\/ld+json\" class=\"yoast-schema-graph\">{\"@context\":\"https:\\\/\\\/schema.org\",\"@graph\":[{\"@type\":\"WebPage\",\"@id\":\"https:\\\/\\\/bluetenklang.de\\\/?page_id=178\",\"url\":\"https:\\\/\\\/bluetenklang.de\\\/?page_id=178\",\"name\":\"Bachbl\u00fcten bei Tieren - Anwendungsbeispiele - Bl\u00fctenKlang\",\"isPartOf\":{\"@id\":\"https:\\\/\\\/bluetenklang.de\\\/#website\"},\"primaryImageOfPage\":{\"@id\":\"https:\\\/\\\/bluetenklang.de\\\/?page_id=178#primaryimage\"},\"image\":{\"@id\":\"https:\\\/\\\/bluetenklang.de\\\/?page_id=178#primaryimage\"},\"thumbnailUrl\":\"https:\\\/\\\/bluetenklang.de\\\/wp-content\\\/uploads\\\/2025\\\/05\\\/Kira-768x576.jpg\",\"datePublished\":\"2025-03-16T10:26:41+00:00\",\"dateModified\":\"2025-05-04T16:48:42+00:00\",\"breadcrumb\":{\"@id\":\"https:\\\/\\\/bluetenklang.de\\\/?page_id=178#breadcrumb\"},\"inLanguage\":\"de\",\"potentialAction\":[{\"@type\":\"ReadAction\",\"target\":[\"https:\\\/\\\/bluetenklang.de\\\/?page_id=178\"]}]},{\"@type\":\"ImageObject\",\"inLanguage\":\"de\",\"@id\":\"https:\\\/\\\/bluetenklang.de\\\/?page_id=178#primaryimage\",\"url\":\"https:\\\/\\\/bluetenklang.de\\\/wp-content\\\/uploads\\\/2025\\\/05\\\/Kira.jpg\",\"contentUrl\":\"https:\\\/\\\/bluetenklang.de\\\/wp-content\\\/uploads\\\/2025\\\/05\\\/Kira.jpg\",\"width\":2560,\"height\":1920,\"caption\":\"Angespannter Hund auf Wiese\"},{\"@type\":\"BreadcrumbList\",\"@id\":\"https:\\\/\\\/bluetenklang.de\\\/?page_id=178#breadcrumb\",\"itemListElement\":[{\"@type\":\"ListItem\",\"position\":1,\"name\":\"Startseite\",\"item\":\"https:\\\/\\\/bluetenklang.de\\\/\"},{\"@type\":\"ListItem\",\"position\":2,\"name\":\"Bachbl\u00fcten bei Tieren &#8211; Anwendungsbeispiele\"}]},{\"@type\":\"WebSite\",\"@id\":\"https:\\\/\\\/bluetenklang.de\\\/#website\",\"url\":\"https:\\\/\\\/bluetenklang.de\\\/\",\"name\":\"Bl\u00fctenKlang\",\"description\":\"\",\"potentialAction\":[{\"@type\":\"SearchAction\",\"target\":{\"@type\":\"EntryPoint\",\"urlTemplate\":\"https:\\\/\\\/bluetenklang.de\\\/?s={search_term_string}\"},\"query-input\":{\"@type\":\"PropertyValueSpecification\",\"valueRequired\":true,\"valueName\":\"search_term_string\"}}],\"inLanguage\":\"de\"}]}<\/script>\n<!-- \/ Yoast SEO plugin. -->","yoast_head_json":{"title":"Bachbl\u00fcten bei Tieren - Anwendungsbeispiele - Bl\u00fctenKlang","robots":{"index":"index","follow":"follow","max-snippet":"max-snippet:-1","max-image-preview":"max-image-preview:large","max-video-preview":"max-video-preview:-1"},"canonical":"https:\/\/bluetenklang.de\/?page_id=178","og_locale":"de_DE","og_type":"article","og_title":"Bachbl\u00fcten bei Tieren - Anwendungsbeispiele - Bl\u00fctenKlang","og_description":"Bachbl\u00fcten k\u00f6nnen Beispielsweise unterst\u00fctzen bei: Angst, Panik R\u00fcckzug, Scheu traumatischen Erfahrungen Eifersucht \u00dcbertriebener Menschenbezug, \u201eklammern\u201c Protestverhalten \u00dcberforderung, Stress Konzentrationsschwierigkeiten, wiederholt gleiche Fehler machen \u00fcbertriebenes Besch\u00fctzerverhalten, Aggressivit\u00e4t zerst\u00f6rerisches Verhalten Anspannung, Reizbarkeit Angespannter Hund auf Wiese (Foto: M. Schimkus) Des Weiteren k\u00f6nnen Bachbl\u00fcten eine wertvolle Begleitung in folgenden Situationen sein: Bei Besitzerwechsel, Umzug, nach Trennung von der [&hellip;]","og_url":"https:\/\/bluetenklang.de\/?page_id=178","og_site_name":"Bl\u00fctenKlang","article_modified_time":"2025-05-04T16:48:42+00:00","og_image":[{"url":"https:\/\/bluetenklang.de\/wp-content\/uploads\/2025\/05\/Kira-768x576.jpg","type":"","width":"","height":""}],"twitter_card":"summary_large_image","twitter_misc":{"Gesch\u00e4tzte Lesezeit":"3\u00a0Minuten"},"schema":{"@context":"https:\/\/schema.org","@graph":[{"@type":"WebPage","@id":"https:\/\/bluetenklang.de\/?page_id=178","url":"https:\/\/bluetenklang.de\/?page_id=178","name":"Bachbl\u00fcten bei Tieren - Anwendungsbeispiele - Bl\u00fctenKlang","isPartOf":{"@id":"https:\/\/bluetenklang.de\/#website"},"primaryImageOfPage":{"@id":"https:\/\/bluetenklang.de\/?page_id=178#primaryimage"},"image":{"@id":"https:\/\/bluetenklang.de\/?page_id=178#primaryimage"},"thumbnailUrl":"https:\/\/bluetenklang.de\/wp-content\/uploads\/2025\/05\/Kira-768x576.jpg","datePublished":"2025-03-16T10:26:41+00:00","dateModified":"2025-05-04T16:48:42+00:00","breadcrumb":{"@id":"https:\/\/bluetenklang.de\/?page_id=178#breadcrumb"},"inLanguage":"de","potentialAction":[{"@type":"ReadAction","target":["https:\/\/bluetenklang.de\/?page_id=178"]}]},{"@type":"ImageObject","inLanguage":"de","@id":"https:\/\/bluetenklang.de\/?page_id=178#primaryimage","url":"https:\/\/bluetenklang.de\/wp-content\/uploads\/2025\/05\/Kira.jpg","contentUrl":"https:\/\/bluetenklang.de\/wp-content\/uploads\/2025\/05\/Kira.jpg","width":2560,"height":1920,"caption":"Angespannter Hund auf Wiese"},{"@type":"BreadcrumbList","@id":"https:\/\/bluetenklang.de\/?page_id=178#breadcrumb","itemListElement":[{"@type":"ListItem","position":1,"name":"Startseite","item":"https:\/\/bluetenklang.de\/"},{"@type":"ListItem","position":2,"name":"Bachbl\u00fcten bei Tieren &#8211; Anwendungsbeispiele"}]},{"@type":"WebSite","@id":"https:\/\/bluetenklang.de\/#website","url":"https:\/\/bluetenklang.de\/","name":"Bl\u00fctenKlang","description":"","potentialAction":[{"@type":"SearchAction","target":{"@type":"EntryPoint","urlTemplate":"https:\/\/bluetenklang.de\/?s={search_term_string}"},"query-input":{"@type":"PropertyValueSpecification","valueRequired":true,"valueName":"search_term_string"}}],"inLanguage":"de"}]}},"_links":{"self":[{"href":"https:\/\/bluetenklang.de\/index.php?rest_route=\/wp\/v2\/pages\/178","targetHints":{"allow":["GET"]}}],"collection":[{"href":"https:\/\/bluetenklang.de\/index.php?rest_route=\/wp\/v2\/pages"}],"about":[{"href":"https:\/\/bluetenklang.de\/index.php?rest_route=\/wp\/v2\/types\/page"}],"author":[{"embeddable":true,"href":"https:\/\/bluetenklang.de\/index.php?rest_route=\/wp\/v2\/users\/1"}],"replies":[{"embeddable":true,"href":"https:\/\/bluetenklang.de\/index.php?rest_route=%2Fwp%2Fv2%2Fcomments&post=178"}],"version-history":[{"count":31,"href":"https:\/\/bluetenklang.de\/index.php?rest_route=\/wp\/v2\/pages\/178\/revisions"}],"predecessor-version":[{"id":693,"href":"https:\/\/bluetenklang.de\/index.php?rest_route=\/wp\/v2\/pages\/178\/revisions\/693"}],"wp:attachment":[{"href":"https:\/\/bluetenklang.de\/index.php?rest_route=%2Fwp%2Fv2%2Fmedia&parent=178"}],"curies":[{"name":"wp","href":"https:\/\/api.w.org\/{rel}","templated":true}]}}