{"id":188,"date":"2025-03-16T11:29:13","date_gmt":"2025-03-16T10:29:13","guid":{"rendered":"https:\/\/192.168.178.12\/?page_id=188"},"modified":"2025-07-21T17:38:17","modified_gmt":"2025-07-21T16:38:17","slug":"ablauf-bachbluetenberatung","status":"publish","type":"page","link":"https:\/\/bluetenklang.de\/?page_id=188","title":{"rendered":"Ablauf Bachbl\u00fctenberatung"},"content":{"rendered":"\t\t<div data-elementor-type=\"wp-page\" data-elementor-id=\"188\" class=\"elementor elementor-188\">\n\t\t\t\t<div class=\"elementor-element elementor-element-9c34e55 e-flex e-con-boxed e-con e-parent\" data-id=\"9c34e55\" data-element_type=\"container\" data-e-type=\"container\">\n\t\t\t\t\t<div class=\"e-con-inner\">\n\t\t\t\t<div class=\"elementor-element elementor-element-4899efb elementor-widget elementor-widget-text-editor\" data-id=\"4899efb\" data-element_type=\"widget\" data-e-type=\"widget\" data-widget_type=\"text-editor.default\">\n\t\t\t\t<div class=\"elementor-widget-container\">\n\t\t\t\t\t\t\t\t\t<p>Ich berate Sie empathisch, individuell und sorgf\u00e4ltig.<\/p><p>Zum vereinbarten Termin rufe ich Sie an. Sie erl\u00e4utern mir detailliert die unangenehmen Verhaltensweisen \/ Zust\u00e4nde Ihres Tieres und ich stelle Ihnen zu allen 38 Bachbl\u00fcten-Prinzipien gezielte Fragen. In Frage kommende Bl\u00fcten erl\u00e4utere ich Ihnen n\u00e4her.<\/p><p>Meine Empfehlung inklusive Dosierungsangabe erhalten Sie im Anschluss an die telefonische Beratung auch schriftlich.<\/p><p>Nach 3-4 Wochen bespreche ich gerne mit Ihnen eingetretene Ver\u00e4nderungen und n\u00f6tige Anpassungen der Bachbl\u00fcten.<\/p><p>Wenn zwischendurch Fragen aufkommen, stehe ich Ihnen gerne zur Verf\u00fcgung.<\/p>\t\t\t\t\t\t\t\t<\/div>\n\t\t\t\t<\/div>\n\t\t\t\t\t<\/div>\n\t\t\t\t<\/div>\n\t\t<div class=\"elementor-element elementor-element-83b86d1 e-flex e-con-boxed e-con e-parent\" data-id=\"83b86d1\" data-element_type=\"container\" data-e-type=\"container\">\n\t\t\t\t\t<div class=\"e-con-inner\">\n\t\t<div class=\"elementor-element elementor-element-67ec538 e-con-full e-flex e-con e-child\" data-id=\"67ec538\" data-element_type=\"container\" data-e-type=\"container\">\n\t\t\t\t<div class=\"elementor-element elementor-element-138b836 elementor-widget elementor-widget-image\" data-id=\"138b836\" data-element_type=\"widget\" data-e-type=\"widget\" data-widget_type=\"image.default\">\n\t\t\t\t<div class=\"elementor-widget-container\">\n\t\t\t\t\t\t\t\t\t\t\t\t\t\t\t<img decoding=\"async\" src=\"https:\/\/bluetenklang.de\/wp-content\/uploads\/elementor\/thumbs\/paw-anthra-r3aihd9c60j1eg9qui4dcgu4acogf7ib5y05re4yn4.png\" title=\"paw-anthra\" alt=\"Grafik Katzenpfote\" loading=\"lazy\" \/>\t\t\t\t\t\t\t\t\t\t\t\t\t\t\t<\/div>\n\t\t\t\t<\/div>\n\t\t\t\t<\/div>\n\t\t<div class=\"elementor-element elementor-element-01b5cdc e-con-full e-flex e-con e-child\" data-id=\"01b5cdc\" data-element_type=\"container\" data-e-type=\"container\">\n\t\t\t\t<div class=\"elementor-element elementor-element-df77f14 elementor-widget elementor-widget-image\" data-id=\"df77f14\" data-element_type=\"widget\" data-e-type=\"widget\" data-widget_type=\"image.default\">\n\t\t\t\t<div class=\"elementor-widget-container\">\n\t\t\t\t\t\t\t\t\t\t\t\t\t\t\t<img decoding=\"async\" src=\"https:\/\/bluetenklang.de\/wp-content\/uploads\/elementor\/thumbs\/horseshoe-anthra-r3aih4ssgi7ghym17wgq80yyxvu5hxkq4s4sfwhi8i.png\" title=\"horseshoe-anthra\" alt=\"Grafik Hufeisen\" loading=\"lazy\" \/>\t\t\t\t\t\t\t\t\t\t\t\t\t\t\t<\/div>\n\t\t\t\t<\/div>\n\t\t\t\t<\/div>\n\t\t<div class=\"elementor-element elementor-element-551bd46 e-con-full e-flex e-con e-child\" data-id=\"551bd46\" data-element_type=\"container\" data-e-type=\"container\">\n\t\t\t\t<div class=\"elementor-element elementor-element-d5a2eb5 elementor-widget elementor-widget-image\" data-id=\"d5a2eb5\" data-element_type=\"widget\" data-e-type=\"widget\" data-widget_type=\"image.default\">\n\t\t\t\t<div class=\"elementor-widget-container\">\n\t\t\t\t\t\t\t\t\t\t\t\t\t\t\t<img decoding=\"async\" src=\"https:\/\/bluetenklang.de\/wp-content\/uploads\/elementor\/thumbs\/animal-print-anthra-r3aigveek5ul9uzoqsegj3cd014hcyjerhlxn4vfyq.png\" title=\"animal-print-anthra\" alt=\"Grafik Hundepfote\" loading=\"lazy\" \/>\t\t\t\t\t\t\t\t\t\t\t\t\t\t\t<\/div>\n\t\t\t\t<\/div>\n\t\t\t\t<\/div>\n\t\t<div class=\"elementor-element elementor-element-286cf09 e-con-full e-flex e-con e-child\" data-id=\"286cf09\" data-element_type=\"container\" data-e-type=\"container\">\n\t\t\t\t<\/div>\n\t\t<div class=\"elementor-element elementor-element-3524805 e-con-full e-flex e-con e-child\" data-id=\"3524805\" data-element_type=\"container\" data-e-type=\"container\">\n\t\t\t\t<\/div>\n\t\t\t\t\t<\/div>\n\t\t\t\t<\/div>\n\t\t<div class=\"elementor-element elementor-element-bbbedae e-flex e-con-boxed e-con e-parent\" data-id=\"bbbedae\" data-element_type=\"container\" data-e-type=\"container\">\n\t\t\t\t\t<div class=\"e-con-inner\">\n\t\t\t\t<div class=\"elementor-element elementor-element-85597eb elementor-widget elementor-widget-text-editor\" data-id=\"85597eb\" data-element_type=\"widget\" data-e-type=\"widget\" data-widget_type=\"text-editor.default\">\n\t\t\t\t<div class=\"elementor-widget-container\">\n\t\t\t\t\t\t\t\t\t<p>Einzelne Bachbl\u00fctenessenzen bekommen Sie in einer Apotheke. Nicht alle Apotheken bieten die Herstellung individueller Bachbl\u00fctenmischungen an. Ich helfe Ihnen bei Bedarf weiter eine passende Apotheke zu finden oder leite Sie gerne an, damit Sie Ihre Mischung selbst herstellen k\u00f6nnen.<\/p>\t\t\t\t\t\t\t\t<\/div>\n\t\t\t\t<\/div>\n\t\t\t\t\t<\/div>\n\t\t\t\t<\/div>\n\t\t<div class=\"elementor-element elementor-element-d15cab7 e-flex e-con-boxed e-con e-parent\" data-id=\"d15cab7\" data-element_type=\"container\" data-e-type=\"container\">\n\t\t\t\t\t<div class=\"e-con-inner\">\n\t\t<div class=\"elementor-element elementor-element-a442393 e-con-full e-flex e-con e-child\" data-id=\"a442393\" data-element_type=\"container\" data-e-type=\"container\">\n\t\t\t\t<div class=\"elementor-element elementor-element-da157b5 elementor-widget elementor-widget-image\" data-id=\"da157b5\" data-element_type=\"widget\" data-e-type=\"widget\" data-widget_type=\"image.default\">\n\t\t\t\t<div class=\"elementor-widget-container\">\n\t\t\t\t\t\t\t\t\t\t\t\t\t\t\t<img decoding=\"async\" src=\"https:\/\/bluetenklang.de\/wp-content\/uploads\/elementor\/thumbs\/paw-anthra-r3aihd9c60j1eg9qui4dcgu4acogf7ib5y05re4yn4.png\" title=\"paw-anthra\" alt=\"Grafik Katzenpfote\" loading=\"lazy\" \/>\t\t\t\t\t\t\t\t\t\t\t\t\t\t\t<\/div>\n\t\t\t\t<\/div>\n\t\t\t\t<\/div>\n\t\t<div class=\"elementor-element elementor-element-32dd269 e-con-full e-flex e-con e-child\" data-id=\"32dd269\" data-element_type=\"container\" data-e-type=\"container\">\n\t\t\t\t<div class=\"elementor-element elementor-element-88952ec elementor-widget elementor-widget-image\" data-id=\"88952ec\" data-element_type=\"widget\" data-e-type=\"widget\" data-widget_type=\"image.default\">\n\t\t\t\t<div class=\"elementor-widget-container\">\n\t\t\t\t\t\t\t\t\t\t\t\t\t\t\t<img decoding=\"async\" src=\"https:\/\/bluetenklang.de\/wp-content\/uploads\/elementor\/thumbs\/horseshoe-anthra-r3aih4ssgi7ghym17wgq80yyxvu5hxkq4s4sfwhi8i.png\" title=\"horseshoe-anthra\" alt=\"Grafik Hufeisen\" loading=\"lazy\" \/>\t\t\t\t\t\t\t\t\t\t\t\t\t\t\t<\/div>\n\t\t\t\t<\/div>\n\t\t\t\t<\/div>\n\t\t<div class=\"elementor-element elementor-element-4d0abbe e-con-full e-flex e-con e-child\" data-id=\"4d0abbe\" data-element_type=\"container\" data-e-type=\"container\">\n\t\t\t\t<div class=\"elementor-element elementor-element-3dfb75f elementor-widget elementor-widget-image\" data-id=\"3dfb75f\" data-element_type=\"widget\" data-e-type=\"widget\" data-widget_type=\"image.default\">\n\t\t\t\t<div class=\"elementor-widget-container\">\n\t\t\t\t\t\t\t\t\t\t\t\t\t\t\t<img decoding=\"async\" src=\"https:\/\/bluetenklang.de\/wp-content\/uploads\/elementor\/thumbs\/animal-print-anthra-r3aigveek5ul9uzoqsegj3cd014hcyjerhlxn4vfyq.png\" title=\"animal-print-anthra\" alt=\"Grafik Hundepfote\" loading=\"lazy\" \/>\t\t\t\t\t\t\t\t\t\t\t\t\t\t\t<\/div>\n\t\t\t\t<\/div>\n\t\t\t\t<\/div>\n\t\t<div class=\"elementor-element elementor-element-7b8a6e1 e-con-full e-flex e-con e-child\" data-id=\"7b8a6e1\" data-element_type=\"container\" data-e-type=\"container\">\n\t\t\t\t<\/div>\n\t\t<div class=\"elementor-element elementor-element-f19f1f6 e-con-full e-flex e-con e-child\" data-id=\"f19f1f6\" data-element_type=\"container\" data-e-type=\"container\">\n\t\t\t\t<\/div>\n\t\t\t\t\t<\/div>\n\t\t\t\t<\/div>\n\t\t<div class=\"elementor-element elementor-element-fc054a8 e-flex e-con-boxed e-con e-parent\" data-id=\"fc054a8\" data-element_type=\"container\" data-e-type=\"container\">\n\t\t\t\t\t<div class=\"e-con-inner\">\n\t\t\t\t<div class=\"elementor-element elementor-element-4f4ed43 elementor-widget elementor-widget-text-editor\" data-id=\"4f4ed43\" data-element_type=\"widget\" data-e-type=\"widget\" data-widget_type=\"text-editor.default\">\n\t\t\t\t<div class=\"elementor-widget-container\">\n\t\t\t\t\t\t\t\t\t<p>Alle meine Beratungen erfolgen telefonisch. Sie brauchen keine Praxis aufsuchen, haben weniger Aufwand und Ihr tierischer Weggef\u00e4hrte hat keinen Stress.<\/p>\t\t\t\t\t\t\t\t<\/div>\n\t\t\t\t<\/div>\n\t\t\t\t\t<\/div>\n\t\t\t\t<\/div>\n\t\t<div class=\"elementor-element elementor-element-28f9c7a e-flex e-con-boxed e-con e-parent\" data-id=\"28f9c7a\" data-element_type=\"container\" data-e-type=\"container\">\n\t\t\t\t\t<div class=\"e-con-inner\">\n\t\t<div class=\"elementor-element elementor-element-b98eb04 e-con-full e-flex e-con e-child\" data-id=\"b98eb04\" data-element_type=\"container\" data-e-type=\"container\">\n\t\t\t\t<div class=\"elementor-element elementor-element-e4d120e elementor-widget elementor-widget-image\" data-id=\"e4d120e\" data-element_type=\"widget\" data-e-type=\"widget\" data-widget_type=\"image.default\">\n\t\t\t\t<div class=\"elementor-widget-container\">\n\t\t\t\t\t\t\t\t\t\t\t\t\t\t\t<img decoding=\"async\" src=\"https:\/\/bluetenklang.de\/wp-content\/uploads\/elementor\/thumbs\/paw-anthra-r3aihd9c60j1eg9qui4dcgu4acogf7ib5y05re4yn4.png\" title=\"paw-anthra\" alt=\"Grafik Katzenpfote\" loading=\"lazy\" \/>\t\t\t\t\t\t\t\t\t\t\t\t\t\t\t<\/div>\n\t\t\t\t<\/div>\n\t\t\t\t<\/div>\n\t\t<div class=\"elementor-element elementor-element-12e46a9 e-con-full e-flex e-con e-child\" data-id=\"12e46a9\" data-element_type=\"container\" data-e-type=\"container\">\n\t\t\t\t<div class=\"elementor-element elementor-element-334ead8 elementor-widget elementor-widget-image\" data-id=\"334ead8\" data-element_type=\"widget\" data-e-type=\"widget\" data-widget_type=\"image.default\">\n\t\t\t\t<div class=\"elementor-widget-container\">\n\t\t\t\t\t\t\t\t\t\t\t\t\t\t\t<img decoding=\"async\" src=\"https:\/\/bluetenklang.de\/wp-content\/uploads\/elementor\/thumbs\/horseshoe-anthra-r3aih4ssgi7ghym17wgq80yyxvu5hxkq4s4sfwhi8i.png\" title=\"horseshoe-anthra\" alt=\"Grafik Hufeisen\" loading=\"lazy\" \/>\t\t\t\t\t\t\t\t\t\t\t\t\t\t\t<\/div>\n\t\t\t\t<\/div>\n\t\t\t\t<\/div>\n\t\t<div class=\"elementor-element elementor-element-bb2a793 e-con-full e-flex e-con e-child\" data-id=\"bb2a793\" data-element_type=\"container\" data-e-type=\"container\">\n\t\t\t\t<div class=\"elementor-element elementor-element-28f1c54 elementor-widget elementor-widget-image\" data-id=\"28f1c54\" data-element_type=\"widget\" data-e-type=\"widget\" data-widget_type=\"image.default\">\n\t\t\t\t<div class=\"elementor-widget-container\">\n\t\t\t\t\t\t\t\t\t\t\t\t\t\t\t<img decoding=\"async\" src=\"https:\/\/bluetenklang.de\/wp-content\/uploads\/elementor\/thumbs\/animal-print-anthra-r3aigveek5ul9uzoqsegj3cd014hcyjerhlxn4vfyq.png\" title=\"animal-print-anthra\" alt=\"Grafik Hundepfote\" loading=\"lazy\" \/>\t\t\t\t\t\t\t\t\t\t\t\t\t\t\t<\/div>\n\t\t\t\t<\/div>\n\t\t\t\t<\/div>\n\t\t<div class=\"elementor-element elementor-element-fe25d2d e-con-full e-flex e-con e-child\" data-id=\"fe25d2d\" data-element_type=\"container\" data-e-type=\"container\">\n\t\t\t\t<\/div>\n\t\t<div class=\"elementor-element elementor-element-25c207e e-con-full e-flex e-con e-child\" data-id=\"25c207e\" data-element_type=\"container\" data-e-type=\"container\">\n\t\t\t\t<\/div>\n\t\t\t\t\t<\/div>\n\t\t\t\t<\/div>\n\t\t<div class=\"elementor-element elementor-element-27689a3 e-flex e-con-boxed e-con e-parent\" data-id=\"27689a3\" data-element_type=\"container\" data-e-type=\"container\">\n\t\t\t\t\t<div class=\"e-con-inner\">\n\t\t\t\t<div class=\"elementor-element elementor-element-633a18b elementor-widget elementor-widget-text-editor\" data-id=\"633a18b\" data-element_type=\"widget\" data-e-type=\"widget\" data-widget_type=\"text-editor.default\">\n\t\t\t\t<div class=\"elementor-widget-container\">\n\t\t\t\t\t\t\t\t\t<p>Zus\u00e4tzlich biete ich auch Ihnen als Tierbesitzerin oder Tierbesitzer eine Bachbl\u00fctenberatung f\u00fcr sich selbst an. Unsere tierischen Weggef\u00e4hrten sp\u00fcren die menschliche Grundstimmung und wie wir auf ihre Verhaltensweisen\/Zust\u00e4nde reagieren sehr feinf\u00fchlig. Uns Menschen gehen die Regungen und Zust\u00e4nde unserer Fellnasen meist sehr nahe. So beeinflussen wir uns gegenseitig. Daher kann es sinnvoll sein, wenn nicht nur der harmonische Zustand des Tieres unterst\u00fctzt wird, sondern auch Ihr Eigener, um im Team aus Mensch und Tier Harmonie zu f\u00f6rdern.<\/p><p>Der Ablauf ist grunds\u00e4tzlich gleich, nur dass sich die Fragen etwas unterscheiden.<\/p>\t\t\t\t\t\t\t\t<\/div>\n\t\t\t\t<\/div>\n\t\t\t\t\t<\/div>\n\t\t\t\t<\/div>\n\t\t<div class=\"elementor-element elementor-element-1d899d1 e-flex e-con-boxed e-con e-parent\" data-id=\"1d899d1\" data-element_type=\"container\" data-e-type=\"container\">\n\t\t\t\t\t<div class=\"e-con-inner\">\n\t\t\t\t<div class=\"elementor-element elementor-element-c0debec elementor-widget elementor-widget-text-editor\" data-id=\"c0debec\" data-element_type=\"widget\" data-e-type=\"widget\" data-widget_type=\"text-editor.default\">\n\t\t\t\t<div class=\"elementor-widget-container\">\n\t\t\t\t\t\t\t\t\t<p>Sie haben noch Fragen oder m\u00f6chten einen Beratungstermin vereinbaren \u2192 <a href=\"https:\/\/bluetenklang.de\/?page_id=58\">kontaktieren<\/a> Sie mich.<\/p>\t\t\t\t\t\t\t\t<\/div>\n\t\t\t\t<\/div>\n\t\t\t\t\t<\/div>\n\t\t\t\t<\/div>\n\t\t\t\t<\/div>\n\t\t","protected":false},"excerpt":{"rendered":"<p>Ich berate Sie empathisch, individuell und sorgf\u00e4ltig. Zum vereinbarten Termin rufe ich Sie an. Sie erl\u00e4utern mir detailliert die unangenehmen Verhaltensweisen \/ Zust\u00e4nde Ihres Tieres und ich stelle Ihnen zu allen 38 Bachbl\u00fcten-Prinzipien gezielte Fragen. In Frage kommende Bl\u00fcten erl\u00e4utere ich Ihnen n\u00e4her. Meine Empfehlung inklusive Dosierungsangabe erhalten Sie im Anschluss an die telefonische Beratung [&hellip;]<\/p>\n","protected":false},"author":1,"featured_media":0,"parent":0,"menu_order":0,"comment_status":"closed","ping_status":"closed","template":"","meta":{"ocean_post_layout":"","ocean_both_sidebars_style":"","ocean_both_sidebars_content_width":0,"ocean_both_sidebars_sidebars_width":0,"ocean_sidebar":"","ocean_second_sidebar":"","ocean_disable_margins":"enable","ocean_add_body_class":"","ocean_shortcode_before_top_bar":"","ocean_shortcode_after_top_bar":"","ocean_shortcode_before_header":"","ocean_shortcode_after_header":"","ocean_has_shortcode":"","ocean_shortcode_after_title":"","ocean_shortcode_before_footer_widgets":"","ocean_shortcode_after_footer_widgets":"","ocean_shortcode_before_footer_bottom":"","ocean_shortcode_after_footer_bottom":"","ocean_display_top_bar":"default","ocean_display_header":"default","ocean_header_style":"","ocean_center_header_left_menu":"","ocean_custom_header_template":"","ocean_custom_logo":0,"ocean_custom_retina_logo":0,"ocean_custom_logo_max_width":0,"ocean_custom_logo_tablet_max_width":0,"ocean_custom_logo_mobile_max_width":0,"ocean_custom_logo_max_height":0,"ocean_custom_logo_tablet_max_height":0,"ocean_custom_logo_mobile_max_height":0,"ocean_header_custom_menu":"","ocean_menu_typo_font_family":"","ocean_menu_typo_font_subset":"","ocean_menu_typo_font_size":0,"ocean_menu_typo_font_size_tablet":0,"ocean_menu_typo_font_size_mobile":0,"ocean_menu_typo_font_size_unit":"px","ocean_menu_typo_font_weight":"","ocean_menu_typo_font_weight_tablet":"","ocean_menu_typo_font_weight_mobile":"","ocean_menu_typo_transform":"","ocean_menu_typo_transform_tablet":"","ocean_menu_typo_transform_mobile":"","ocean_menu_typo_line_height":0,"ocean_menu_typo_line_height_tablet":0,"ocean_menu_typo_line_height_mobile":0,"ocean_menu_typo_line_height_unit":"","ocean_menu_typo_spacing":0,"ocean_menu_typo_spacing_tablet":0,"ocean_menu_typo_spacing_mobile":0,"ocean_menu_typo_spacing_unit":"","ocean_menu_link_color":"","ocean_menu_link_color_hover":"","ocean_menu_link_color_active":"","ocean_menu_link_background":"","ocean_menu_link_hover_background":"","ocean_menu_link_active_background":"","ocean_menu_social_links_bg":"","ocean_menu_social_hover_links_bg":"","ocean_menu_social_links_color":"","ocean_menu_social_hover_links_color":"","ocean_disable_title":"default","ocean_disable_heading":"default","ocean_post_title":"","ocean_post_subheading":"","ocean_post_title_style":"","ocean_post_title_background_color":"","ocean_post_title_background":0,"ocean_post_title_bg_image_position":"","ocean_post_title_bg_image_attachment":"","ocean_post_title_bg_image_repeat":"","ocean_post_title_bg_image_size":"","ocean_post_title_height":0,"ocean_post_title_bg_overlay":0.5,"ocean_post_title_bg_overlay_color":"","ocean_disable_breadcrumbs":"default","ocean_breadcrumbs_color":"","ocean_breadcrumbs_separator_color":"","ocean_breadcrumbs_links_color":"","ocean_breadcrumbs_links_hover_color":"","ocean_display_footer_widgets":"default","ocean_display_footer_bottom":"default","ocean_custom_footer_template":"","footnotes":""},"class_list":["post-188","page","type-page","status-publish","hentry","entry"],"yoast_head":"<!-- This site is optimized with the Yoast SEO plugin v27.5 - https:\/\/yoast.com\/product\/yoast-seo-wordpress\/ -->\n<title>Ablauf Bachbl\u00fctenberatung - Bl\u00fctenKlang<\/title>\n<meta name=\"robots\" content=\"index, follow, max-snippet:-1, max-image-preview:large, max-video-preview:-1\" \/>\n<link rel=\"canonical\" href=\"https:\/\/bluetenklang.de\/?page_id=188\" \/>\n<meta property=\"og:locale\" content=\"de_DE\" \/>\n<meta property=\"og:type\" content=\"article\" \/>\n<meta property=\"og:title\" content=\"Ablauf Bachbl\u00fctenberatung - Bl\u00fctenKlang\" \/>\n<meta property=\"og:description\" content=\"Ich berate Sie empathisch, individuell und sorgf\u00e4ltig. Zum vereinbarten Termin rufe ich Sie an. Sie erl\u00e4utern mir detailliert die unangenehmen Verhaltensweisen \/ Zust\u00e4nde Ihres Tieres und ich stelle Ihnen zu allen 38 Bachbl\u00fcten-Prinzipien gezielte Fragen. In Frage kommende Bl\u00fcten erl\u00e4utere ich Ihnen n\u00e4her. Meine Empfehlung inklusive Dosierungsangabe erhalten Sie im Anschluss an die telefonische Beratung [&hellip;]\" \/>\n<meta property=\"og:url\" content=\"https:\/\/bluetenklang.de\/?page_id=188\" \/>\n<meta property=\"og:site_name\" content=\"Bl\u00fctenKlang\" \/>\n<meta property=\"article:modified_time\" content=\"2025-07-21T16:38:17+00:00\" \/>\n<meta property=\"og:image\" content=\"https:\/\/bluetenklang.de\/wp-content\/uploads\/elementor\/thumbs\/paw-anthra-r3aihd9c60j1eg9qui4dcgu4acogf7ib5y05re4yn4.png\" \/>\n<meta name=\"twitter:card\" content=\"summary_large_image\" \/>\n<meta name=\"twitter:label1\" content=\"Gesch\u00e4tzte Lesezeit\" \/>\n\t<meta name=\"twitter:data1\" content=\"4\u00a0Minuten\" \/>\n<script type=\"application\/ld+json\" class=\"yoast-schema-graph\">{\"@context\":\"https:\\\/\\\/schema.org\",\"@graph\":[{\"@type\":\"WebPage\",\"@id\":\"https:\\\/\\\/bluetenklang.de\\\/?page_id=188\",\"url\":\"https:\\\/\\\/bluetenklang.de\\\/?page_id=188\",\"name\":\"Ablauf Bachbl\u00fctenberatung - Bl\u00fctenKlang\",\"isPartOf\":{\"@id\":\"https:\\\/\\\/bluetenklang.de\\\/#website\"},\"primaryImageOfPage\":{\"@id\":\"https:\\\/\\\/bluetenklang.de\\\/?page_id=188#primaryimage\"},\"image\":{\"@id\":\"https:\\\/\\\/bluetenklang.de\\\/?page_id=188#primaryimage\"},\"thumbnailUrl\":\"https:\\\/\\\/bluetenklang.de\\\/wp-content\\\/uploads\\\/elementor\\\/thumbs\\\/paw-anthra-r3aihd9c60j1eg9qui4dcgu4acogf7ib5y05re4yn4.png\",\"datePublished\":\"2025-03-16T10:29:13+00:00\",\"dateModified\":\"2025-07-21T16:38:17+00:00\",\"breadcrumb\":{\"@id\":\"https:\\\/\\\/bluetenklang.de\\\/?page_id=188#breadcrumb\"},\"inLanguage\":\"de\",\"potentialAction\":[{\"@type\":\"ReadAction\",\"target\":[\"https:\\\/\\\/bluetenklang.de\\\/?page_id=188\"]}]},{\"@type\":\"ImageObject\",\"inLanguage\":\"de\",\"@id\":\"https:\\\/\\\/bluetenklang.de\\\/?page_id=188#primaryimage\",\"url\":\"https:\\\/\\\/bluetenklang.de\\\/wp-content\\\/uploads\\\/elementor\\\/thumbs\\\/paw-anthra-r3aihd9c60j1eg9qui4dcgu4acogf7ib5y05re4yn4.png\",\"contentUrl\":\"https:\\\/\\\/bluetenklang.de\\\/wp-content\\\/uploads\\\/elementor\\\/thumbs\\\/paw-anthra-r3aihd9c60j1eg9qui4dcgu4acogf7ib5y05re4yn4.png\"},{\"@type\":\"BreadcrumbList\",\"@id\":\"https:\\\/\\\/bluetenklang.de\\\/?page_id=188#breadcrumb\",\"itemListElement\":[{\"@type\":\"ListItem\",\"position\":1,\"name\":\"Startseite\",\"item\":\"https:\\\/\\\/bluetenklang.de\\\/\"},{\"@type\":\"ListItem\",\"position\":2,\"name\":\"Ablauf Bachbl\u00fctenberatung\"}]},{\"@type\":\"WebSite\",\"@id\":\"https:\\\/\\\/bluetenklang.de\\\/#website\",\"url\":\"https:\\\/\\\/bluetenklang.de\\\/\",\"name\":\"Bl\u00fctenKlang\",\"description\":\"\",\"potentialAction\":[{\"@type\":\"SearchAction\",\"target\":{\"@type\":\"EntryPoint\",\"urlTemplate\":\"https:\\\/\\\/bluetenklang.de\\\/?s={search_term_string}\"},\"query-input\":{\"@type\":\"PropertyValueSpecification\",\"valueRequired\":true,\"valueName\":\"search_term_string\"}}],\"inLanguage\":\"de\"}]}<\/script>\n<!-- \/ Yoast SEO plugin. -->","yoast_head_json":{"title":"Ablauf Bachbl\u00fctenberatung - Bl\u00fctenKlang","robots":{"index":"index","follow":"follow","max-snippet":"max-snippet:-1","max-image-preview":"max-image-preview:large","max-video-preview":"max-video-preview:-1"},"canonical":"https:\/\/bluetenklang.de\/?page_id=188","og_locale":"de_DE","og_type":"article","og_title":"Ablauf Bachbl\u00fctenberatung - Bl\u00fctenKlang","og_description":"Ich berate Sie empathisch, individuell und sorgf\u00e4ltig. Zum vereinbarten Termin rufe ich Sie an. Sie erl\u00e4utern mir detailliert die unangenehmen Verhaltensweisen \/ Zust\u00e4nde Ihres Tieres und ich stelle Ihnen zu allen 38 Bachbl\u00fcten-Prinzipien gezielte Fragen. In Frage kommende Bl\u00fcten erl\u00e4utere ich Ihnen n\u00e4her. Meine Empfehlung inklusive Dosierungsangabe erhalten Sie im Anschluss an die telefonische Beratung [&hellip;]","og_url":"https:\/\/bluetenklang.de\/?page_id=188","og_site_name":"Bl\u00fctenKlang","article_modified_time":"2025-07-21T16:38:17+00:00","og_image":[{"url":"https:\/\/bluetenklang.de\/wp-content\/uploads\/elementor\/thumbs\/paw-anthra-r3aihd9c60j1eg9qui4dcgu4acogf7ib5y05re4yn4.png","type":"","width":"","height":""}],"twitter_card":"summary_large_image","twitter_misc":{"Gesch\u00e4tzte Lesezeit":"4\u00a0Minuten"},"schema":{"@context":"https:\/\/schema.org","@graph":[{"@type":"WebPage","@id":"https:\/\/bluetenklang.de\/?page_id=188","url":"https:\/\/bluetenklang.de\/?page_id=188","name":"Ablauf Bachbl\u00fctenberatung - Bl\u00fctenKlang","isPartOf":{"@id":"https:\/\/bluetenklang.de\/#website"},"primaryImageOfPage":{"@id":"https:\/\/bluetenklang.de\/?page_id=188#primaryimage"},"image":{"@id":"https:\/\/bluetenklang.de\/?page_id=188#primaryimage"},"thumbnailUrl":"https:\/\/bluetenklang.de\/wp-content\/uploads\/elementor\/thumbs\/paw-anthra-r3aihd9c60j1eg9qui4dcgu4acogf7ib5y05re4yn4.png","datePublished":"2025-03-16T10:29:13+00:00","dateModified":"2025-07-21T16:38:17+00:00","breadcrumb":{"@id":"https:\/\/bluetenklang.de\/?page_id=188#breadcrumb"},"inLanguage":"de","potentialAction":[{"@type":"ReadAction","target":["https:\/\/bluetenklang.de\/?page_id=188"]}]},{"@type":"ImageObject","inLanguage":"de","@id":"https:\/\/bluetenklang.de\/?page_id=188#primaryimage","url":"https:\/\/bluetenklang.de\/wp-content\/uploads\/elementor\/thumbs\/paw-anthra-r3aihd9c60j1eg9qui4dcgu4acogf7ib5y05re4yn4.png","contentUrl":"https:\/\/bluetenklang.de\/wp-content\/uploads\/elementor\/thumbs\/paw-anthra-r3aihd9c60j1eg9qui4dcgu4acogf7ib5y05re4yn4.png"},{"@type":"BreadcrumbList","@id":"https:\/\/bluetenklang.de\/?page_id=188#breadcrumb","itemListElement":[{"@type":"ListItem","position":1,"name":"Startseite","item":"https:\/\/bluetenklang.de\/"},{"@type":"ListItem","position":2,"name":"Ablauf Bachbl\u00fctenberatung"}]},{"@type":"WebSite","@id":"https:\/\/bluetenklang.de\/#website","url":"https:\/\/bluetenklang.de\/","name":"Bl\u00fctenKlang","description":"","potentialAction":[{"@type":"SearchAction","target":{"@type":"EntryPoint","urlTemplate":"https:\/\/bluetenklang.de\/?s={search_term_string}"},"query-input":{"@type":"PropertyValueSpecification","valueRequired":true,"valueName":"search_term_string"}}],"inLanguage":"de"}]}},"_links":{"self":[{"href":"https:\/\/bluetenklang.de\/index.php?rest_route=\/wp\/v2\/pages\/188","targetHints":{"allow":["GET"]}}],"collection":[{"href":"https:\/\/bluetenklang.de\/index.php?rest_route=\/wp\/v2\/pages"}],"about":[{"href":"https:\/\/bluetenklang.de\/index.php?rest_route=\/wp\/v2\/types\/page"}],"author":[{"embeddable":true,"href":"https:\/\/bluetenklang.de\/index.php?rest_route=\/wp\/v2\/users\/1"}],"replies":[{"embeddable":true,"href":"https:\/\/bluetenklang.de\/index.php?rest_route=%2Fwp%2Fv2%2Fcomments&post=188"}],"version-history":[{"count":23,"href":"https:\/\/bluetenklang.de\/index.php?rest_route=\/wp\/v2\/pages\/188\/revisions"}],"predecessor-version":[{"id":943,"href":"https:\/\/bluetenklang.de\/index.php?rest_route=\/wp\/v2\/pages\/188\/revisions\/943"}],"wp:attachment":[{"href":"https:\/\/bluetenklang.de\/index.php?rest_route=%2Fwp%2Fv2%2Fmedia&parent=188"}],"curies":[{"name":"wp","href":"https:\/\/api.w.org\/{rel}","templated":true}]}}