{"id":907,"date":"2025-05-17T13:40:13","date_gmt":"2025-05-17T12:40:13","guid":{"rendered":"https:\/\/bluetenklang.de\/?page_id=907"},"modified":"2025-06-10T20:14:11","modified_gmt":"2025-06-10T19:14:11","slug":"klangschalen-bei-tieren","status":"publish","type":"page","link":"https:\/\/bluetenklang.de\/?page_id=907","title":{"rendered":"Klangschalen bei Tieren"},"content":{"rendered":"\t\t<div data-elementor-type=\"wp-page\" data-elementor-id=\"907\" class=\"elementor elementor-907\">\n\t\t\t\t<div class=\"elementor-element elementor-element-279ffd7 e-flex e-con-boxed e-con e-parent\" data-id=\"279ffd7\" data-element_type=\"container\" data-e-type=\"container\">\n\t\t\t\t\t<div class=\"e-con-inner\">\n\t\t\t\t<div class=\"elementor-element elementor-element-b558f92 elementor-widget elementor-widget-text-editor\" data-id=\"b558f92\" data-element_type=\"widget\" data-e-type=\"widget\" data-widget_type=\"text-editor.default\">\n\t\t\t\t<div class=\"elementor-widget-container\">\n\t\t\t\t\t\t\t\t\t<p>Nicht nur uns Menschen tut Musik im Allgemeinen und besonders der Klang von Klangschalen gut, sondern auch unseren Haus- und Nutztieren. So finden insbesondere angespannte und unruhige Tiere beim H\u00f6ren oder auch Sp\u00fcren von Klangschalen Entspannung und Beruhigung.<\/p><p>Hier muss aber sehr behutsam und kleinschrittig vorgegangen werden.<\/p><p>Wenn Sie ausprobieren m\u00f6chten, ob Ihr Tier die Kl\u00e4nge von Klangschalen positiv aufnimmt, k\u00f6nnen Sie die \u201eklingende Pause\u201c aus meinem virtuellen Klangraum etwas vorspulen, bis ich nicht mehr spreche und sie dann leise, in einem gro\u00dfz\u00fcgigen Abstand zu Ihrem Tier abspielen. Beobachten Sie, wie Ihr Tier reagiert.\u00a0<\/p>\t\t\t\t\t\t\t\t<\/div>\n\t\t\t\t<\/div>\n\t\t\t\t<div class=\"elementor-element elementor-element-f4b3f01 elementor-widget elementor-widget-text-editor\" data-id=\"f4b3f01\" data-element_type=\"widget\" data-e-type=\"widget\" data-widget_type=\"text-editor.default\">\n\t\t\t\t<div class=\"elementor-widget-container\">\n\t\t\t\t\t\t\t\t\t<p>Wenn Sie selbst eine Klangschale haben, k\u00f6nnen Sie diese in einem gro\u00dfz\u00fcgigen Abstand, so dass Ihr Tier aber sieht was Sie machen, vorsichtig und leise anschlagen.<\/p><p>Lassen Sie Ihr Tier die Klangschale ruhig anschauen \/ beschnuppern. Halten Sie die nicht klingende Klangschale dabei aber gut in den H\u00e4nden fest, damit Ber\u00fchrungen des Tieres die Schale nicht unangenehm zum Klingen bringen. So vermeiden Sie, dass sich Ihr Tier erschreckt. Ob diese Erkundung vor oder nach den ersten Kl\u00e4ngen sinnvoll ist, h\u00e4ngt vom Wesen des Tieres ab.<\/p><p>Bei der Wahl der Klangschale gilt: kleines Tier = kleine Klangschale, gro\u00dfes Tier = gro\u00dfe Klangschale. Zum Ant\u00f6nen bzw. Anschlagen empfehle ich weiche mit Filz ummantelte Holzkl\u00f6ppel \u2013 auch hier gilt: kleine Schale, kleiner Kl\u00f6ppel.<\/p><p>Spielen Sie die Klangschale zun\u00e4chst nur einige Male an, steigern Sie H\u00e4ufigkeit und evtl. auch Intensit\u00e4t nur sehr langsam.<\/p>\t\t\t\t\t\t\t\t<\/div>\n\t\t\t\t<\/div>\n\t\t\t\t<div class=\"elementor-element elementor-element-bf98efb elementor-widget elementor-widget-text-editor\" data-id=\"bf98efb\" data-element_type=\"widget\" data-e-type=\"widget\" data-widget_type=\"text-editor.default\">\n\t\t\t\t<div class=\"elementor-widget-container\">\n\t\t\t\t\t\t\t\t\t<p>In stetiger Beobachtung Ihres Tieres k\u00f6nnen Sie den Abstand nach und nach verringern, bis Sie und Ihr Tier soweit sind, dass Sie die Klangschale auf Ihrer Hand auf ihm ablegen k\u00f6nnen. Grunds\u00e4tzlich kann eine Klangschale auch ohne Ihre Hand dazwischen auf dem Tier klingen \u2013 aber wirklich erst, wenn es daran gew\u00f6hnt wurde.<\/p><p>Wenn Ihr Tier signalisiert, dass es keine Lust hat, es ihm zu viel ist oder es die Kl\u00e4nge nicht mag, bitte aufh\u00f6ren.<\/p><p>Bei offenen Wunden, Entz\u00fcndungen, Br\u00fcchen und Rissen, Herzproblemen, Epilepsie und hirnorganischen Erkrankungen sowie bei Schwangerschaft sollten Sie <strong>KEINE<\/strong> Klangschalen an Ihrem Tier anwenden. Grunds\u00e4tzlich empfiehlt sich eine R\u00fccksprache mit Ihrem Tierheilpraktiker oder Tierarzt. Jegliches Ausprobieren und Anwenden liegt in Ihrer eigenen Verantwortung.<\/p>\t\t\t\t\t\t\t\t<\/div>\n\t\t\t\t<\/div>\n\t\t\t\t<div class=\"elementor-element elementor-element-0c0f62b elementor-widget elementor-widget-text-editor\" data-id=\"0c0f62b\" data-element_type=\"widget\" data-e-type=\"widget\" data-widget_type=\"text-editor.default\">\n\t\t\t\t<div class=\"elementor-widget-container\">\n\t\t\t\t\t\t\t\t\t<p>Bei Fragen und Interesse an Klangaufzeichnungen, die von der Schalengr\u00f6\u00dfe f\u00fcr Ihr Tier geeignet sind, <a href=\"https:\/\/bluetenklang.de\/?page_id=58\">kontaktieren<\/a> Sie mich gerne unverbindlich.<\/p><p>Wenn Sie sich n\u00e4her mit der Thematik befassen m\u00f6chten \u2013 insbesondere mit dem genaueren Ablauf einer Klangmassage f\u00fcr Ihr Tier, empfehle ich Ihnen das Buch \u201eKlangschalen f\u00fcr Tiere leicht gemacht &#8211; Die Anwendung an Haus- und Nutztieren\u201c von Regina Lahner, welches ich hier als Quelle herangezogen habe.<\/p>\t\t\t\t\t\t\t\t<\/div>\n\t\t\t\t<\/div>\n\t\t\t\t\t<\/div>\n\t\t\t\t<\/div>\n\t\t\t\t<\/div>\n\t\t","protected":false},"excerpt":{"rendered":"<p>Nicht nur uns Menschen tut Musik im Allgemeinen und besonders der Klang von Klangschalen gut, sondern auch unseren Haus- und Nutztieren. So finden insbesondere angespannte und unruhige Tiere beim H\u00f6ren oder auch Sp\u00fcren von Klangschalen Entspannung und Beruhigung. Hier muss aber sehr behutsam und kleinschrittig vorgegangen werden. Wenn Sie ausprobieren m\u00f6chten, ob Ihr Tier die [&hellip;]<\/p>\n","protected":false},"author":1,"featured_media":0,"parent":0,"menu_order":0,"comment_status":"closed","ping_status":"closed","template":"","meta":{"ocean_post_layout":"","ocean_both_sidebars_style":"","ocean_both_sidebars_content_width":0,"ocean_both_sidebars_sidebars_width":0,"ocean_sidebar":"","ocean_second_sidebar":"","ocean_disable_margins":"enable","ocean_add_body_class":"","ocean_shortcode_before_top_bar":"","ocean_shortcode_after_top_bar":"","ocean_shortcode_before_header":"","ocean_shortcode_after_header":"","ocean_has_shortcode":"","ocean_shortcode_after_title":"","ocean_shortcode_before_footer_widgets":"","ocean_shortcode_after_footer_widgets":"","ocean_shortcode_before_footer_bottom":"","ocean_shortcode_after_footer_bottom":"","ocean_display_top_bar":"default","ocean_display_header":"default","ocean_header_style":"","ocean_center_header_left_menu":"","ocean_custom_header_template":"","ocean_custom_logo":0,"ocean_custom_retina_logo":0,"ocean_custom_logo_max_width":0,"ocean_custom_logo_tablet_max_width":0,"ocean_custom_logo_mobile_max_width":0,"ocean_custom_logo_max_height":0,"ocean_custom_logo_tablet_max_height":0,"ocean_custom_logo_mobile_max_height":0,"ocean_header_custom_menu":"","ocean_menu_typo_font_family":"","ocean_menu_typo_font_subset":"","ocean_menu_typo_font_size":0,"ocean_menu_typo_font_size_tablet":0,"ocean_menu_typo_font_size_mobile":0,"ocean_menu_typo_font_size_unit":"px","ocean_menu_typo_font_weight":"","ocean_menu_typo_font_weight_tablet":"","ocean_menu_typo_font_weight_mobile":"","ocean_menu_typo_transform":"","ocean_menu_typo_transform_tablet":"","ocean_menu_typo_transform_mobile":"","ocean_menu_typo_line_height":0,"ocean_menu_typo_line_height_tablet":0,"ocean_menu_typo_line_height_mobile":0,"ocean_menu_typo_line_height_unit":"","ocean_menu_typo_spacing":0,"ocean_menu_typo_spacing_tablet":0,"ocean_menu_typo_spacing_mobile":0,"ocean_menu_typo_spacing_unit":"","ocean_menu_link_color":"","ocean_menu_link_color_hover":"","ocean_menu_link_color_active":"","ocean_menu_link_background":"","ocean_menu_link_hover_background":"","ocean_menu_link_active_background":"","ocean_menu_social_links_bg":"","ocean_menu_social_hover_links_bg":"","ocean_menu_social_links_color":"","ocean_menu_social_hover_links_color":"","ocean_disable_title":"default","ocean_disable_heading":"default","ocean_post_title":"","ocean_post_subheading":"","ocean_post_title_style":"","ocean_post_title_background_color":"","ocean_post_title_background":0,"ocean_post_title_bg_image_position":"","ocean_post_title_bg_image_attachment":"","ocean_post_title_bg_image_repeat":"","ocean_post_title_bg_image_size":"","ocean_post_title_height":0,"ocean_post_title_bg_overlay":0.5,"ocean_post_title_bg_overlay_color":"","ocean_disable_breadcrumbs":"default","ocean_breadcrumbs_color":"","ocean_breadcrumbs_separator_color":"","ocean_breadcrumbs_links_color":"","ocean_breadcrumbs_links_hover_color":"","ocean_display_footer_widgets":"default","ocean_display_footer_bottom":"default","ocean_custom_footer_template":"","footnotes":""},"class_list":["post-907","page","type-page","status-publish","hentry","entry"],"yoast_head":"<!-- This site is optimized with the Yoast SEO plugin v27.5 - https:\/\/yoast.com\/product\/yoast-seo-wordpress\/ -->\n<title>Klangschalen bei Tieren - Bl\u00fctenKlang<\/title>\n<meta name=\"robots\" content=\"index, follow, max-snippet:-1, max-image-preview:large, max-video-preview:-1\" \/>\n<link rel=\"canonical\" href=\"https:\/\/bluetenklang.de\/?page_id=907\" \/>\n<meta property=\"og:locale\" content=\"de_DE\" \/>\n<meta property=\"og:type\" content=\"article\" \/>\n<meta property=\"og:title\" content=\"Klangschalen bei Tieren - Bl\u00fctenKlang\" \/>\n<meta property=\"og:description\" content=\"Nicht nur uns Menschen tut Musik im Allgemeinen und besonders der Klang von Klangschalen gut, sondern auch unseren Haus- und Nutztieren. So finden insbesondere angespannte und unruhige Tiere beim H\u00f6ren oder auch Sp\u00fcren von Klangschalen Entspannung und Beruhigung. Hier muss aber sehr behutsam und kleinschrittig vorgegangen werden. Wenn Sie ausprobieren m\u00f6chten, ob Ihr Tier die [&hellip;]\" \/>\n<meta property=\"og:url\" content=\"https:\/\/bluetenklang.de\/?page_id=907\" \/>\n<meta property=\"og:site_name\" content=\"Bl\u00fctenKlang\" \/>\n<meta property=\"article:modified_time\" content=\"2025-06-10T19:14:11+00:00\" \/>\n<meta name=\"twitter:card\" content=\"summary_large_image\" \/>\n<meta name=\"twitter:label1\" content=\"Gesch\u00e4tzte Lesezeit\" \/>\n\t<meta name=\"twitter:data1\" content=\"3\u00a0Minuten\" \/>\n<script type=\"application\/ld+json\" class=\"yoast-schema-graph\">{\"@context\":\"https:\\\/\\\/schema.org\",\"@graph\":[{\"@type\":\"WebPage\",\"@id\":\"https:\\\/\\\/bluetenklang.de\\\/?page_id=907\",\"url\":\"https:\\\/\\\/bluetenklang.de\\\/?page_id=907\",\"name\":\"Klangschalen bei Tieren - Bl\u00fctenKlang\",\"isPartOf\":{\"@id\":\"https:\\\/\\\/bluetenklang.de\\\/#website\"},\"datePublished\":\"2025-05-17T12:40:13+00:00\",\"dateModified\":\"2025-06-10T19:14:11+00:00\",\"breadcrumb\":{\"@id\":\"https:\\\/\\\/bluetenklang.de\\\/?page_id=907#breadcrumb\"},\"inLanguage\":\"de\",\"potentialAction\":[{\"@type\":\"ReadAction\",\"target\":[\"https:\\\/\\\/bluetenklang.de\\\/?page_id=907\"]}]},{\"@type\":\"BreadcrumbList\",\"@id\":\"https:\\\/\\\/bluetenklang.de\\\/?page_id=907#breadcrumb\",\"itemListElement\":[{\"@type\":\"ListItem\",\"position\":1,\"name\":\"Startseite\",\"item\":\"https:\\\/\\\/bluetenklang.de\\\/\"},{\"@type\":\"ListItem\",\"position\":2,\"name\":\"Klangschalen bei Tieren\"}]},{\"@type\":\"WebSite\",\"@id\":\"https:\\\/\\\/bluetenklang.de\\\/#website\",\"url\":\"https:\\\/\\\/bluetenklang.de\\\/\",\"name\":\"Bl\u00fctenKlang\",\"description\":\"\",\"potentialAction\":[{\"@type\":\"SearchAction\",\"target\":{\"@type\":\"EntryPoint\",\"urlTemplate\":\"https:\\\/\\\/bluetenklang.de\\\/?s={search_term_string}\"},\"query-input\":{\"@type\":\"PropertyValueSpecification\",\"valueRequired\":true,\"valueName\":\"search_term_string\"}}],\"inLanguage\":\"de\"}]}<\/script>\n<!-- \/ Yoast SEO plugin. -->","yoast_head_json":{"title":"Klangschalen bei Tieren - Bl\u00fctenKlang","robots":{"index":"index","follow":"follow","max-snippet":"max-snippet:-1","max-image-preview":"max-image-preview:large","max-video-preview":"max-video-preview:-1"},"canonical":"https:\/\/bluetenklang.de\/?page_id=907","og_locale":"de_DE","og_type":"article","og_title":"Klangschalen bei Tieren - Bl\u00fctenKlang","og_description":"Nicht nur uns Menschen tut Musik im Allgemeinen und besonders der Klang von Klangschalen gut, sondern auch unseren Haus- und Nutztieren. So finden insbesondere angespannte und unruhige Tiere beim H\u00f6ren oder auch Sp\u00fcren von Klangschalen Entspannung und Beruhigung. Hier muss aber sehr behutsam und kleinschrittig vorgegangen werden. Wenn Sie ausprobieren m\u00f6chten, ob Ihr Tier die [&hellip;]","og_url":"https:\/\/bluetenklang.de\/?page_id=907","og_site_name":"Bl\u00fctenKlang","article_modified_time":"2025-06-10T19:14:11+00:00","twitter_card":"summary_large_image","twitter_misc":{"Gesch\u00e4tzte Lesezeit":"3\u00a0Minuten"},"schema":{"@context":"https:\/\/schema.org","@graph":[{"@type":"WebPage","@id":"https:\/\/bluetenklang.de\/?page_id=907","url":"https:\/\/bluetenklang.de\/?page_id=907","name":"Klangschalen bei Tieren - Bl\u00fctenKlang","isPartOf":{"@id":"https:\/\/bluetenklang.de\/#website"},"datePublished":"2025-05-17T12:40:13+00:00","dateModified":"2025-06-10T19:14:11+00:00","breadcrumb":{"@id":"https:\/\/bluetenklang.de\/?page_id=907#breadcrumb"},"inLanguage":"de","potentialAction":[{"@type":"ReadAction","target":["https:\/\/bluetenklang.de\/?page_id=907"]}]},{"@type":"BreadcrumbList","@id":"https:\/\/bluetenklang.de\/?page_id=907#breadcrumb","itemListElement":[{"@type":"ListItem","position":1,"name":"Startseite","item":"https:\/\/bluetenklang.de\/"},{"@type":"ListItem","position":2,"name":"Klangschalen bei Tieren"}]},{"@type":"WebSite","@id":"https:\/\/bluetenklang.de\/#website","url":"https:\/\/bluetenklang.de\/","name":"Bl\u00fctenKlang","description":"","potentialAction":[{"@type":"SearchAction","target":{"@type":"EntryPoint","urlTemplate":"https:\/\/bluetenklang.de\/?s={search_term_string}"},"query-input":{"@type":"PropertyValueSpecification","valueRequired":true,"valueName":"search_term_string"}}],"inLanguage":"de"}]}},"_links":{"self":[{"href":"https:\/\/bluetenklang.de\/index.php?rest_route=\/wp\/v2\/pages\/907","targetHints":{"allow":["GET"]}}],"collection":[{"href":"https:\/\/bluetenklang.de\/index.php?rest_route=\/wp\/v2\/pages"}],"about":[{"href":"https:\/\/bluetenklang.de\/index.php?rest_route=\/wp\/v2\/types\/page"}],"author":[{"embeddable":true,"href":"https:\/\/bluetenklang.de\/index.php?rest_route=\/wp\/v2\/users\/1"}],"replies":[{"embeddable":true,"href":"https:\/\/bluetenklang.de\/index.php?rest_route=%2Fwp%2Fv2%2Fcomments&post=907"}],"version-history":[{"count":13,"href":"https:\/\/bluetenklang.de\/index.php?rest_route=\/wp\/v2\/pages\/907\/revisions"}],"predecessor-version":[{"id":929,"href":"https:\/\/bluetenklang.de\/index.php?rest_route=\/wp\/v2\/pages\/907\/revisions\/929"}],"wp:attachment":[{"href":"https:\/\/bluetenklang.de\/index.php?rest_route=%2Fwp%2Fv2%2Fmedia&parent=907"}],"curies":[{"name":"wp","href":"https:\/\/api.w.org\/{rel}","templated":true}]}}